{"id":970,"date":"2024-06-15T13:30:43","date_gmt":"2024-06-15T11:30:43","guid":{"rendered":"https:\/\/www.feuerwehr-sievershausen.de\/?page_id=970"},"modified":"2024-06-15T13:34:03","modified_gmt":"2024-06-15T11:34:03","slug":"einsaetze-2023","status":"publish","type":"page","link":"https:\/\/www.feuerwehr-sievershausen.de\/?page_id=970","title":{"rendered":"Eins\u00e4tze 2023"},"content":{"rendered":"<div id='fullscreen_slider_1'  class='avia-fullscreen-slider main_color   avia-builder-el-0  el_before_av_textblock  avia-builder-el-first   container_wrap fullsize'  ><div   data-size='no scaling'  data-lightbox_size='large'  data-animation='slide'  data-conditional_play=''  data-ids='286'  data-video_counter='0'  data-autoplay='false'  data-bg_slider='true'  data-slide_height='100'  data-handle='av_fullscreen'  data-interval='5'  data-class=' '  data-el_id=''  data-css_id='fullscreen_slider_1'  data-scroll_down=''  data-control_layout='av-control-hidden'  data-custom_markup=''  data-perma_caption=''  data-autoplay_stopper=''  data-image_attachment=''  data-min_height='0px'  data-lazy_loading='disabled'  data-stretch=''  data-img_scrset=''  class='avia-slideshow avia-slideshow-1  av-control-hidden av-default-height-applied avia-slideshow-no scaling av_fullscreen   avia-slide-slider '  itemprop=\"image\" itemscope=\"itemscope\" itemtype=\"https:\/\/schema.org\/ImageObject\" ><ul class='avia-slideshow-inner ' style='padding-bottom: 28.645833333333%;' ><li style='background-position:center center;' data-img-url='https:\/\/www.feuerwehr-sievershausen.de\/wp-content\/uploads\/2021\/11\/Header-FW-2.jpg' class=' av-single-slide slide-1 ' ><div data-rel='slideshow-1' class='avia-slide-wrap '   ><\/div><\/li><\/ul><\/div><\/div><div id='after_full_slider_1'  class='main_color av_default_container_wrap container_wrap fullsize'  ><div class='container av-section-cont-open' ><div class='template-page content  av-content-full alpha units'><div class='post-entry post-entry-type-page post-entry-970'><div class='entry-content-wrapper clearfix'>\n<section class=\"av_textblock_section \"  itemscope=\"itemscope\" itemtype=\"https:\/\/schema.org\/CreativeWork\" ><div class='avia_textblock  '   itemprop=\"text\" ><h1>Eins\u00e4tze 2023<\/h1>\n<\/div><\/section>\n<div class='avia-data-table-wrap av-28aghk-efa2776a22188106899d8b2ed21e11a8 avia_responsive_table avia-table-1 '><table  class='avia-table avia-data-table avia_pricing_default  avia-builder-el-2  el_after_av_textblock  avia-builder-el-last '  itemscope=\"itemscope\" itemtype=\"https:\/\/schema.org\/Table\" ><tbody><tr class=''><td class=''>25.12.-28.12.2023<\/td><td class=''>Technische Hilfeleistung<\/td><td class=''>Am fr\u00fchen morgen des 25.12. wurden wir in die Oelerser Stra\u00dfe gerufen. Dort stand die Stra\u00dfe unter Wasser. Wir sorgten daf\u00fcr dass das Wasser wieder abflie\u00dfen konnte.<br \/>\nIm Anschluss ging es weiter in die V\u00f6hrumerstra\u00dfe, auch dort stand die Stra\u00dfe unter Wasser. Mit Pumpen wurde das Wasser abgepumpt. Aufgrund der Menge des Wassers, war es notwendig Rund um die Uhr zu Pumpen. Es wurden Schichten von 6 Stunden eingef\u00fchrt. Unterst\u00fctz wurden wir von der Feuerwehren H\u00e4melerwald, Arpke und Immensen. Am 28.12. gegen 9:15 konnten die Ma\u00dfnahmen aufgel\u00f6st werden und der Einsatz war beendet. In der gesamten Zeit kamen mehrere Einst\u00e4tze im Ort dazu weil immer wieder Keller unter Wasser standen.<\/td><\/tr><tr class=''><td class=''>24.12.2023<\/td><td class=''>Technische Hilfeleistung<\/td><td class=''>Auf Grund der Hochwasserlage in Lehrte wurden wir zur Unterst\u00fctzung dazu gerufen. Gemeinsam mit anderen Feuerwehrkr\u00e4ften und dem THW wurde ein Hochwassersystem vor der Stadt aufgebaut. Nach 7 Stunden l\u00f6sten uns Feuerwehrkr\u00e4fte aus dem Stadtgebiet Burgdorf ab und wir r\u00fcckten wieder ein.<\/td><\/tr><tr class=''><td class=''>19.12.2023<\/td><td class=''>Technische Hilfeleistung<\/td><td class=''>Der Bauhof hat uns zur Unterst\u00fctzung ins Gewerbegebiet gerufen. Ein Teil der Stra\u00dfe stand unter Wasser. Wir pumpten das Wasser ab und \u00fcbergaben die Einsatzstelle wieder dem Bauhof.<br \/>\n<\/td><\/tr><tr class=''><td class=''>13.12.2023<\/td><td class=''>Technische Hilfeleistung<\/td><td class=''>Eine \u00d6lspur zog sich in Arpke \u00fcber mehrere Stra\u00dfen entlang. Wir sicherten die Stra\u00dfen und forderten eine Reinigungsfirma an. <\/td><\/tr><tr class=''><td class=''>11.12.2023<\/td><td class=''>Technische Hilfeleistung<\/td><td class=''>Der Rettungsdienst ben\u00f6tigte Unterst\u00fctzung um zutritt zur einer Wohnung zu verschaffen. Beim eintreffen der Kr\u00e4fte, hatte der Bewohner die Wohnungst\u00fcr schon eigenst\u00e4ndig ge\u00f6ffnet. Weitere Ma\u00dfnahmen unsererseits war nicht mehr erforderlich.<\/td><\/tr><tr class=''><td class=''>11.12.2023<\/td><td class=''>Technische Hilfeleistung<\/td><td class=''>Fr\u00fch morgens wurden wir zu einem Baum auf der Stra\u00dfe gerufen. Die Tanner wurde mit  Kettens\u00e4ge beseitigt und die Stra\u00dfe war nach kurzer Zeit wieder zu befahren freigeben. <\/td><\/tr><tr class=''><td class=''>07.12.2023<\/td><td class=''>Technische Hilfeleistung<\/td><td class=''>Ein Keller stand ca. 10cm unter Wasser durch ein Schaden an der Heizung. Wir pumpten das Wasser mittels Wassersauger ab Nach ca. Stunden war der Einsatz beendet.<\/td><\/tr><tr class=''><td class=''>05.12.2023<\/td><td class=''>Feuer<\/td><td class=''>In Arpke kam es zu einem Zimmerbrand, ausgel\u00f6st durch ein Adventgesteck. Das Feuer konnte schnell gel\u00f6scht werden. Noch auf der Anfahrt kam der Alarmabbruch. Im Einsatz waren Arpke, Sievershausen und H\u00e4melerwald.<\/td><\/tr><tr class=''><td class=''>21.11.2023<\/td><td class=''>Wasserrettung<\/td><td class=''>Im Mittelandkanal bei Sehnde befand sich eine Person im Wasser. Diese wurde bereits vor dem Eintreffen der Tauchergruppe von der Wasserschutzpolizei geborgen. Der Einsatz wurde noch auf der Anfahrt abgebrochen. Im Einsatz waren die Tauchergruppen aus Sehnde, Burgdorf und Lehrte.<\/td><\/tr><tr class=''><td class=''>19.11.2023<\/td><td class=''>ABC-Einsatz<\/td><td class=''>Um 12:29 wurden wir nach Lehrte alarmiert.<br \/>\nEin Kesselwagen verlor Gefahrstoff \u00fcber einen Flansch.<br \/>\nAufgrund des Stoffes konnten die Leckagen erst gegen Abend behoben werden und wir konnten das Gel\u00e4nde gegen 21.30 Uhr verlassen.<br \/>\nWir stellten die Brandschutzkomponente und einen Trupp unter CSA.<\/td><\/tr><tr class=''><td class=''>12.11.2023<\/td><td class=''>Feuer<\/td><td class=''>Zur einer unklaren Rauchentwicklung wurden wir gerufen. Nach der Erkundung  stellte sich heraus, dass Anwohner im Garten grillten. Es waren keine weiteren Ma\u00dfnahmen notwendig und wir r\u00fcckten wieder ein.<\/td><\/tr><tr class=''><td class=''>21.10.2023<\/td><td class=''>ABC-Einsatz<\/td><td class=''>Die Regionsleitstelle hat uns um 23;09 Uhr zu einem ABC Einsatz nach Lehrte &#8211; Ahlten alarmierte.<br \/>\nVor Ort trat ein Gefahrstoff aus einem Container aus.<br \/>\nNach ausgiebiger Erkundung wurde der Container gesichert und der Einsatz nach ca 3,5 Std f\u00fcr uns beendet.<br \/>\nWir stellten bei diesem Einsatz 1 CSA Tr\u00e4ger und die Brandschutzkomponente.<\/td><\/tr><tr class=''><td class=''>13.10.2023<\/td><td class=''>Technische Hilfeleistung<\/td><td class=''>Zwischen Sievershausen und V\u00f6hrum kam es zum Verkehrsunfall mit zwei Fahrzeugen. Die Insassen konnten eigenst\u00e4ndig die Fahrzeuge verlassen. Wir sicherten die Unfallstelle und klemmten die Batterien ab. <\/td><\/tr><tr class=''><td class=''>13.09.2023<\/td><td class=''>Wasserrettung<\/td><td class=''>Die Tauchergruppe wurde nach Haimer alarmiert. Auf dem Mittellandkanal hat ein Schiff Leck geschlagen und drohte zu sinken. Damit das \u00d6l sich nicht weiter ausbreiten konnte wurden \u00d6lsperren eingesetzt.<\/td><\/tr><tr class=''><td class=''>10.09.2023<\/td><td class=''>Feuer<\/td><td class=''>Anwohner bemerkten in einen Waldst\u00fcck Rauchentwicklung und riefen den Notruf. Bevor wir an der Einsatzstellen ankamen l\u00f6schten die Bewohner das Feuer im Wald selber mit einen Eimer Wasser. Wir kontrollierten die Stelle mit der W\u00e4rmebildkamera und Kleinl\u00f6schger\u00e4t.<\/td><\/tr><tr class=''><td class=''>01.09.2023<\/td><td class=''>ABC-Einsatz<\/td><td class=''>Im Gewerbegebiet kam es zum Austritt von Gefahrgut auf einen Sattelauflieger. Der ABC-Zug wurde alarmiert.<br \/>\nWir stellten die Brandschutzkomponete mit dem LF10\/6 und zus\u00e4tzlich stellten wir CSA Tr\u00e4ger. Nach ca. 10 Stunden  war der Einsatz beendet.<\/td><\/tr><tr class=''><td class=''>05.08.2023<\/td><td class=''>Wasserrettung<\/td><td class=''>Eine Person war bis zur H\u00fcfte im Wasser und kam alleine nicht mehr aus dem Teich. Taucher befreiten sie und brachten sie sicher an Land und \u00fcbergaben sie dem Rettungsdienst. Anschlie\u00dfend konnte noch ein Fahrrad geborgen werden.<\/td><\/tr><tr class=''><td class=''>03.08.2023<\/td><td class=''>Technische Hilfeleistung<\/td><td class=''>Ein Auto verlor durch ein gerissenen Schlauch \u00d6l auf einer Kreuzung. Wir sperrten den Bereich ab und verhinderten die Ausbreitung in die Kanalisation.<br \/>\nAnschlie\u00dfend reinigte eine Spezialfirma die Fahrbahn.<\/td><\/tr><tr class=''><td class=''>10.07.2023<\/td><td class=''>Feuer<\/td><td class=''>In den fr\u00fchen morgen Stunden wurden wir zu einen Garagenbrand alarmiert. Durch eine Hintert\u00fcr wurde sich Zugang verschafft und das Feuer mit ein C-Rohr gel\u00f6scht.  Ein E-Auto und andere Gegenst\u00e4nde wurden durch den Brand besch\u00e4digt.<\/td><\/tr><tr class=''><td class=''>03.07.2023<\/td><td class=''>Feuer<\/td><td class=''>Die Leitstelle alarmierte uns zu einen Heckenbrand. Anwohner l\u00f6schten das Feuer vor unseren Eintreffen. Wir kontrollierten mittels W\u00e4rmebildkamera die Temperatur und l\u00f6schten die Hecke gro\u00dffl\u00e4chig ab.<\/td><\/tr><tr class=''><td class=''>18.06.2023<\/td><td class=''>Feuer<\/td><td class=''>Im Gewerbegebiet l\u00f6ste eine BMA aus. Nach ausf\u00fchrlicher Erkundung wurde kein Feuer oder Rauch festgestellt. Wir r\u00fcckten nach 1 Stunde wieder ein.<\/td><\/tr><tr class=''><td class=''>27.05.2023<\/td><td class=''>Feuer<\/td><td class=''>Wir wurden nach H\u00e4melerwald zu einer ausgel\u00f6sten BMA gerufen. Nach Erkundung der Lage wurde kein Feuer oder Rauch festgestellt.<\/td><\/tr><tr class=''><td class=''>20.05.2023<\/td><td class=''>Feuer<\/td><td class=''>Eine BMA in H\u00e4melerwald wurde durch ein B\u00fcgeleisen ausgel\u00f6st.<br \/>\nDie Ortsfeuerwehr ben\u00f6tigte unsere Kr\u00e4fte nicht und wir r\u00fcckten wieder ein.<\/td><\/tr><tr class=''><td class=''>03.05.2023<\/td><td class=''>ABC-Einsatz<\/td><td class=''>Die Leitstelle alarmierte zu einen ABC-Einsatz nach Lehrte.<br \/>\nSowohl die Brandschutzkomponete als auch die Teileinheit der CSA Tr\u00e4ger r\u00fcckten nach Lehrte aus. Vorort stellte sich raus das es sich um eine \u00dcbung handelte.<\/td><\/tr><tr class=''><td class=''>17.04.2023<\/td><td class=''>Technische Hilfeleistung<\/td><td class=''>Es wurden zur einer T\u00fcr\u00f6ffnung alarmiert.  Wir \u00f6ffneten den Rettungsdienst die T\u00fcr. Ein weiteres eingreifen von uns war nicht n\u00f6tig. Die Einsatzstelle wurde dem Rettungsdient und der Polizei \u00fcbergeben. Nach 30 Minuten war der Einsatz vorbei.<\/td><\/tr><tr class=''><td class=''>06.04.2023<\/td><td class=''>Feuer<br \/>\n<\/td><td class=''>Eine BMA wurde im Gewerbegebiet  ausgel\u00f6st. Vorort stellte sich her raus dass ein Sprinkler abgefahren wurde. Wir drehten das Wasser ab von der Anlage und kontrollierten den Bereich vorsorglich. <\/td><\/tr><tr class=''><td class=''>04.04.2023<\/td><td class=''>Technische Hilfeleistung<\/td><td class=''>In Arpke wurde bei Erdarbeiten eine Gasleitung besch\u00e4digt. Die Einsatzstelle wurde abgesperrt und der Polizei \u00fcbergeben.<\/td><\/tr><tr class=''><td class=''>17.03.2023<\/td><td class=''>ABC-Einsatz<\/td><td class=''>Im Rahmen des ABC-Zuges wurden wir nach Lehrte alarmiert. Ein Kesselwagen war undicht, es lief Gefahrstoff aus. Wir stellten die Brandschutzkomponente, CSA-Tr\u00e4ger sowie ein Kamerad der die ELO unterst\u00fctzte.<\/td><\/tr><tr class=''><td class=''>26.02.2023<\/td><td class=''>Feuer<\/td><td class=''>Mit Arpke wurden zu einen ausgel\u00f6sten Rauchwarnmelder gerufen. Vorort wurde kein Feuer festgestellt werden. Die Einsatzstelle \u00fcbergaben wir der Polizei.<\/td><\/tr><tr class=''><td class=''>09.01.2023<\/td><td class=''>ABC-Einsatz<\/td><td class=''>Wir wurden nach Steinwedel alarmiert. Dort war der Tank von einem Tanklastzug besch\u00e4digt.<br \/>\nNach Erkundung der Lage war ein eingreifen des ABC-Zuges nicht notwendig. Mit dem LF 10\/6 und dem P250 stellen wir die Brandschutzkomponete im Stadtgebiet Lehrte bei ABC-Ein\u00e4tzen.<\/td><\/tr><tr class=''><td class=''>01.01.2023<\/td><td class=''>Wasserrettung <\/td><td class=''>Die Tauchgruppe Lehrte wurde zum Eixer See gerufen. Wir waren mit 2 Taucher, 1 Bootf\u00fchrer und 1 Signalmann im Einsatz.<\/td><\/tr><\/tbody><\/table><\/div>\n","protected":false},"excerpt":{"rendered":"","protected":false},"author":1,"featured_media":0,"parent":0,"menu_order":0,"comment_status":"closed","ping_status":"closed","template":"","meta":[],"_links":{"self":[{"href":"https:\/\/www.feuerwehr-sievershausen.de\/index.php?rest_route=\/wp\/v2\/pages\/970"}],"collection":[{"href":"https:\/\/www.feuerwehr-sievershausen.de\/index.php?rest_route=\/wp\/v2\/pages"}],"about":[{"href":"https:\/\/www.feuerwehr-sievershausen.de\/index.php?rest_route=\/wp\/v2\/types\/page"}],"author":[{"embeddable":true,"href":"https:\/\/www.feuerwehr-sievershausen.de\/index.php?rest_route=\/wp\/v2\/users\/1"}],"replies":[{"embeddable":true,"href":"https:\/\/www.feuerwehr-sievershausen.de\/index.php?rest_route=%2Fwp%2Fv2%2Fcomments&post=970"}],"version-history":[{"count":3,"href":"https:\/\/www.feuerwehr-sievershausen.de\/index.php?rest_route=\/wp\/v2\/pages\/970\/revisions"}],"predecessor-version":[{"id":975,"href":"https:\/\/www.feuerwehr-sievershausen.de\/index.php?rest_route=\/wp\/v2\/pages\/970\/revisions\/975"}],"wp:attachment":[{"href":"https:\/\/www.feuerwehr-sievershausen.de\/index.php?rest_route=%2Fwp%2Fv2%2Fmedia&parent=970"}],"curies":[{"name":"wp","href":"https:\/\/api.w.org\/{rel}","templated":true}]}}