{"id":719,"date":"2023-03-23T17:37:25","date_gmt":"2023-03-23T16:37:25","guid":{"rendered":"https:\/\/www.feuerwehr-sievershausen.de\/?page_id=719"},"modified":"2023-03-23T17:37:25","modified_gmt":"2023-03-23T16:37:25","slug":"einsaetze-2022","status":"publish","type":"page","link":"https:\/\/www.feuerwehr-sievershausen.de\/?page_id=719","title":{"rendered":"Eins\u00e4tze 2022"},"content":{"rendered":"<div id='fullscreen_slider_1'  class='avia-fullscreen-slider main_color   avia-builder-el-0  el_before_av_textblock  avia-builder-el-first   container_wrap fullsize'  ><div   data-size='no scaling'  data-lightbox_size='large'  data-animation='slide'  data-conditional_play=''  data-ids='286'  data-video_counter='0'  data-autoplay='false'  data-bg_slider='true'  data-slide_height='100'  data-handle='av_fullscreen'  data-interval='5'  data-class=' '  data-el_id=''  data-css_id='fullscreen_slider_1'  data-scroll_down=''  data-control_layout='av-control-hidden'  data-custom_markup=''  data-perma_caption=''  data-autoplay_stopper=''  data-image_attachment=''  data-min_height='0px'  data-lazy_loading='disabled'  data-stretch=''  data-img_scrset=''  class='avia-slideshow avia-slideshow-1  av-control-hidden av-default-height-applied avia-slideshow-no scaling av_fullscreen   avia-slide-slider '  itemprop=\"image\" itemscope=\"itemscope\" itemtype=\"https:\/\/schema.org\/ImageObject\" ><ul class='avia-slideshow-inner ' style='padding-bottom: 28.645833333333%;' ><li style='background-position:center center;' data-img-url='https:\/\/www.feuerwehr-sievershausen.de\/wp-content\/uploads\/2021\/11\/Header-FW-2.jpg' class=' av-single-slide slide-1 ' ><div data-rel='slideshow-1' class='avia-slide-wrap '   ><\/div><\/li><\/ul><\/div><\/div><div id='after_full_slider_1'  class='main_color av_default_container_wrap container_wrap fullsize'  ><div class='container av-section-cont-open' ><div class='template-page content  av-content-full alpha units'><div class='post-entry post-entry-type-page post-entry-719'><div class='entry-content-wrapper clearfix'>\n<section class=\"av_textblock_section \"  itemscope=\"itemscope\" itemtype=\"https:\/\/schema.org\/CreativeWork\" ><div class='avia_textblock  '   itemprop=\"text\" ><h1>Eins\u00e4tze 2022<\/h1>\n<\/div><\/section>\n<div class='avia-data-table-wrap av-28aghk-efa2776a22188106899d8b2ed21e11a8 avia_responsive_table avia-table-1 '><table  class='avia-table avia-data-table avia_pricing_default  avia-builder-el-2  el_after_av_textblock  avia-builder-el-last '  itemscope=\"itemscope\" itemtype=\"https:\/\/schema.org\/Table\" ><tbody><tr class=''><td class=''>31.12.2022<\/td><td class=''>Technische Hilfeleistung<\/td><td class=''>Gemeldet wurde ein Baum auf der Stra\u00dfe. Wir beseitigten den Ast und \u00fcbergaben die Einsatzstelle der Polizei.<\/td><\/tr><tr class=''><td class=''>30.12.2022<\/td><td class=''>Feuer <\/td><td class=''>Ein Papiercontainer geriet in Brand. Ein Trupp unter Atemschutz l\u00f6schte mittels Schnellangriff das Feuer. Anschlie\u00dfen wurde mit der W\u00e4rmebildkamera die Brandstelle kontrolliert.<br \/>\n<\/td><\/tr><tr class=''><td class=''>20.12.2022<\/td><td class=''>Technische Hilfeleistung<\/td><td class=''>Um 12.40 Uhr forderte uns der Rettungsdienst an. Ein LKW Fahrer lag im F\u00fchrerhaus und war bedingt ansprechbar.<br \/>\nDer Fahrer wurde befreit und dem Rettungsdienst \u00fcbergeben.<\/td><\/tr><tr class=''><td class=''>20.12.2022<\/td><td class=''>Wasserrettung <\/td><td class=''>Gegen Mittag wurde die Tauchergruppe Lehrte alarmiert. Im Steinhuder Meer sollte eine Person im Eis eingebrochen sein.<br \/>\nNach langer und intensiver Suche wurde der Einsatz ergebnislos eingestellt. <\/td><\/tr><tr class=''><td class=''>17.12.2022<\/td><td class=''>Wasserrettung<\/td><td class=''>In der Wedemark ist ein Eisangler im Eis eingebrochen, Noch auf der Anfahrt kam der Alarmabbruch.<br \/>\nDer Angler wurde durch andere Angler gerettet und betreut.<\/td><\/tr><tr class=''><td class=''>16.12.2022<\/td><td class=''>Wasserrettung<\/td><td class=''>Die Tauchergruppe Lehrte wurde nach Alfeld alarmiert. Am Rande eines Dorfteiches wurde Kleidung gefunden. Man vermutete eine Person im Teich. Dies best\u00e4tigte sich gl\u00fccklicherweise nicht. Wir stellten 1 Taucher und 1 Bootf\u00fchrer bei diesen Einsatz.<\/p>\n<p>Pressebericht: <a href=\"https:\/\/www.ndr.de\/nachrichten\/niedersachsen\/Fuer-Ernstfall-geruestet-Eisretter-aus-Celle-einsatzbereit,eisretter104.html\" target=\"_blank\" rel=\"noopener\">Artikel lesen<\/a><\/td><\/tr><tr class=''><td class=''>12.12.2022<\/td><td class=''>Feuer<\/td><td class=''>Auf einem Parkplatz im Gewerbegebiet brannte ein Gaskocher. Wir l\u00f6schten das Feuer mittels Schnellangriff und \u00fcbergaben die Einsatzstelle dem Besitzer.<\/td><\/tr><tr class=''><td class=''>23.11.2022<\/td><td class=''>Feuer<\/td><td class=''>Wir wurden nach Arpke alarmiert,  ein Rauchwarnmelder hatte ausgel\u00f6st. Nach Erkundung konnte man den Rauchwarnmelder in einem H\u00fchnerstahl lokalisieren. Es wurde kein Feuer festgestellt.<\/td><\/tr><tr class=''><td class=''>8.11.2022<\/td><td class=''>Feuer<\/td><td class=''>Handwerker l\u00f6sten bei Wartungsarbeiten die BMA aus.. Nach Erkundung der Lager konnte kein Feuer oder Rauch festgestellt werden. <\/td><\/tr><tr class=''><td class=''>22.10.2022<\/td><td class=''>Feuer<\/td><td class=''>Im Gewerbegebiet l\u00f6ste eine BMA aus. Vorort konnte kein Feuer festgestellt werden. Die Anlage wurde zur\u00fcckgesetzt und wir r\u00fcckten wieder ein. <\/td><\/tr><tr class=''><td class=''>19.10.2022<\/td><td class=''>ABC-Einsatz<\/td><td class=''>Bei Bauarbeiten wurde eine Gasleitung besch\u00e4digt. Der Gefahrenbereich wurde abgesperrt und Anwohner evakuiert. <\/p>\n<p>Pressebericht: <a href=\"https:\/\/www.altkreisblitz.de\/aktuelles\/datum\/2022\/10\/19\/lehrtes-feuerwehren-werden-zu-drei-einsaetzen-innerhalb-von-70-minuten-alarmiert\/\/\" target=\"_blank\" rel=\"noopener\">Artikel lesen<\/a><\/td><\/tr><tr class=''><td class=''>19.10.2022<\/td><td class=''>Feuer<\/td><td class=''>Zwischen H\u00e4melerwald und Mehrum fing ein Traktor mit Strohballenbeladen. <\/p>\n<p>Pressebericht: <a href=\"https:\/\/www.altkreisblitz.de\/aktuelles\/datum\/2022\/10\/19\/lehrtes-feuerwehren-werden-zu-drei-einsaetzen-innerhalb-von-70-minuten-alarmiert\/\/\" target=\"_blank\" rel=\"noopener\">Artikel lesen<\/a><\/td><\/tr><tr class=''><td class=''>18.09.2022<\/td><td class=''>ABC-Einsatz<\/td><td class=''>Wir wurden zu einen havarierten Kesselwaagen gerufen.<br \/>\nwir stellten die Brandschutzenkomponente und CSA Tr\u00e4ger.<\/p>\n<p>Pressebericht: <a href=\"https:\/\/www.altkreisblitz.de\/aktuelles\/datum\/2022\/09\/19\/austretendes-gas-am-mega-hub-in-lehrte-sorgt-erneut-fuer-feuerwehreinsatz\/\/\" target=\"_blank\" rel=\"noopener\">Artikel lesen<\/a> <\/td><\/tr><tr class=''><td class=''>14.09.2022<\/td><td class=''>Feuer<\/td><td class=''>Im Gewerbegebiet l\u00f6ste eine BMA aus. Bei Wartungsarbeiten kam es zu einen Kabelbrand. Wir  setzten die Anlage zur\u00fcck und R\u00fcckten wieder ein.<\/td><\/tr><tr class=''><td class=''>03.09.2022<\/td><td class=''>Feuer<br \/>\n<\/td><td class=''>An der Bahnlinie von Lehrte bis V\u00f6hrum kam es zu mehrere B\u00f6schungsbr\u00e4nde. <\/p>\n<p>Pressebericht: <a href=\"https:\/\/www.presseportal.de\/blaulicht\/pm\/131348\/5312577\/\/\" target=\"_blank\" rel=\"noopener\">Artikel lesen<\/a> <\/td><\/tr><tr class=''><td class=''>22.08.2022<\/td><td class=''>ELO<\/td><td class=''>Im Gymnasium Lehrte kam es zu einen Feuer. Die ELO wurde alarmiert, auch Kameraden von uns unterst\u00fctzen bei der Einsatzleitung.<\/p>\n<p>Pressebericht: <a href=\"https:\/\/www.altkreisblitz.de\/aktuelles\/datum\/2022\/08\/22\/mutmassliche-brandstiftung-im-lehrter-gymnasium\/\/\" target=\"_blank\" rel=\"noopener\">Artikel lesen<\/a> <\/td><\/tr><tr class=''><td class=''>21.08.2022<\/td><td class=''>ABC-Einsatz<\/td><td class=''>Aus einen als Gefahrgut gekennzeichneten Tankcontainer lief Fl\u00fcssigkeit aus.<br \/>\nWir stellten die Brandschutzkomponete, CSA-Tr\u00e4ger und Kameraden f\u00fcr die ELO (Einsatzleitung vor Ort)<\/p>\n<p>Pressebericht: <a href=\"https:\/\/www.altkreisblitz.de\/aktuelles\/datum\/2022\/08\/22\/gefahrguteinsatz-beim-megahub-lehrte\/\/\" target=\"_blank\" rel=\"noopener\">Artikel lesen<\/a> <\/td><\/tr><tr class=''><td class=''>15.08.2022<\/td><td class=''>ABC-Einsatz<\/td><td class=''>Der Co2-Warner des Rettungsdienst schlug Alarm. Daraufhin wurde die Feuerwehr alarmiert, ABC 1 wurde ausgel\u00f6st. Nach l\u00e4ngerer Erkundung stellte man fest das die Batterien der Hubwaagen ausgasten. Wir bel\u00fcfteten die Halle und R\u00fcckten wieder ein.<\/td><\/tr><tr class=''><td class=''>04.08.2022<\/td><td class=''>Technische Hilfeleistung<\/td><td class=''>Ein Rauchwarnmelder l\u00f6ste aus. Wir verschafften uns einen Zugang \u00fcber ein gekipptes Fenster. Es wurde kein Feuer festgestellt und die Bewohner trafen wir auch nicht an. Wir verschlossen das  Fenster wieder und r\u00fcckten wieder ein.<\/td><\/tr><tr class=''><td class=''>04.08.2022<\/td><td class=''>Feuer<\/td><td class=''>In einer Trafostation kam es zu einen Feuer. Wir l\u00f6schten das Feuer mittels Co2 L\u00f6scher und \u00fcbergaben die Einsatzstelle dem Betreiber.<\/td><\/tr><tr class=''><td class=''>04.08.2022<\/td><td class=''>Feuer<\/td><td class=''>Wir wurden zu einer Ausgel\u00f6sten Brandmeldeanlage im Gewergebiet alarmiert. Durch ein Stromausfall l\u00f6ste die Anlage aus. Es wurde kein Feuer festgestellt.<\/td><\/tr><tr class=''><td class=''>03.08.2022<\/td><td class=''>Technische Hilfeleistung<\/td><td class=''>Wir wurden zur einer Tankstelle alarmiert. Auf der G\u00e4stetoilette vermutete man eine Hilflose Person. Wir \u00f6ffneten die T\u00fcr. In der Toilette befand sich keine Person.<\/td><\/tr><tr class=''><td class=''>28.07.2022<\/td><td class=''>Technische Hilfeleistung<\/td><td class=''>Wir wurden zu einen Autotransporter gerufen. Die Hydraulikleitung war abgerissen. Wir streuten das ausgelaufene Fl\u00fcssigkeit mit Bindemittel ab.<\/td><\/tr><tr class=''><td class=''>26.07.2022<\/td><td class=''>Feuer<\/td><td class=''>In einer Lagerhalle im Gewerbegebiet l\u00f6ste Brandmeldeanlage aus. Vorort stellte man ein angebranntes Toast in der Mikrowelle fest.<\/td><\/tr><tr class=''><td class=''>16.07.2022<\/td><td class=''>Feuer<\/td><td class=''>Bei Bauarbeiten fing ein M\u00fcllhaufen an zu brennen. Nachbarn l\u00f6schten das Feuer vor unseren eintreffen. Wir f\u00fchrten Nachl\u00f6scharbeiten durch und kontrollierten mit der W\u00e4rmebildkamera.<\/td><\/tr><tr class=''><td class=''>25.07.2022<\/td><td class=''>Feuer<\/td><td class=''>An der Landstra\u00dfe K131 zwischen Arpke und Schw\u00fcblingsen kam es beim abm\u00e4hen des Getreidefeldes zu einem Fl\u00e4chenbrand. Das Feuer war schnell unter Kontrolle. Ein ausbreiten auf anliegende B\u00f6schungen konnte verhindert werden.<\/p>\n<p>Pressebericht: <a href=\"https:\/\/www.altkreisblitz.de\/aktuelles\/datum\/2022\/07\/26\/59-einsatzkraefte-bei-flaechenbrand-zwischen-arpke-und-schwueblingsen-im-einsatz\/\/\" target=\"_blank\" rel=\"noopener\">Artikel lesen<\/a><\/td><\/tr><tr class=''><td class=''>05.07.2022<\/td><td class=''>Feuer<\/td><td class=''>B\u00f6schungsbrand an der Bahnstrecke.<br \/>\nIn einem Waldst\u00fcck bei H\u00e4melerwald l\u00f6schten wir in Brand geratene B\u00f6schungen ab, sodass die Ausbreitung zu einem<br \/>\nWaldbrand rechtzeitig verhindert werden konnte.<br \/>\n Pressebericht:  <a href=\"https:\/\/www.altkreisblitz.de\/aktuelles\/datum\/2022\/07\/05\/feuerwehrkraefte-aus-dem-stadtgebiet-lehrte-bekaempfen-zehn-einsatzstellen-gleichzeitig\/\/\" target=\"_blank\" rel=\"noopener\">Artikel lesen<\/a><\/td><\/tr><tr class=''><td class=''>27.06.2022<\/td><td class=''>Feuer<\/td><td class=''>B\u00f6schungsbrand an der Bahnstrecke in Arpke. Es war nicht genau bekannt wo das Feuer war, nach kurzer Erkundung wurde das Feuer entdeckt und mittels Schnellangriff gel\u00f6scht. <\/td><\/tr><tr class=''><td class=''>23.06.2022<\/td><td class=''>Feuer<\/td><td class=''>Gemeldet wurde ein brennendes Fahrrad. Vorort wurde das Feuer schon von Anwohner gel\u00f6scht. Wir bew\u00e4sserten die umliegende Rasenfl\u00e4che, um ein erneutes aufflammen zu verhindern. Nach etwa 20 Minuten r\u00fcckten wir  wieder ein.<\/td><\/tr><tr class=''><td class=''>31.05.2022<\/td><td class=''>Technische Hilfeleistung<\/td><td class=''>Wasserrohrbruch im Keller. <\/p>\n<p>Wir pumpten das Wasser mittels Wassersauger und Tauchpumpen aus dem Keller.<\/td><\/tr><tr class=''><td class=''>21.05.2022<\/td><td class=''>Technische Hilfeleistung <\/td><td class=''>Baum auf Stra\u00dfe, so hie\u00df das Alarmstichwort. Vorort entfernten wir ein gr\u00f6\u00dferen Ast von der Stra\u00dfe. Nach kurzer Zeit r\u00fcckten wir wieder ein.<\/td><\/tr><tr class=''><td class=''>17.05.2022<\/td><td class=''>ELO<\/td><td class=''>Feuer in einer Werkstatt in Lehrte.<br \/>\nWir stellten drei Kameraden und unterst\u00fctzen die Einsatzleitung.<\/p>\n<p> Pressebericht:  <a href=\"https:\/\/www.altkreisblitz.de\/aktuelles\/datum\/2022\/05\/18\/drei-einsaetze-am-abend-131-einsatzkraefte-bei-feuer-in-lehrte-im-einsatz\/\" target=\"_blank\" rel=\"noopener\">Artikel lesen<\/a><\/td><\/tr><tr class=''><td class=''>13.05.2022<\/td><td class=''>ABC-Einsatz<\/td><td class=''>An einen Tankcontainer tropfte eine unbekannte Fl\u00fcssigkeit aus. Wir stellten die Brandschutzkomponente und CSA-Tr\u00e4ger<br \/>\n Pressebericht:  <a href=\"https:\/\/www.altkreisblitz.de\/aktuelles\/datum\/2022\/05\/14\/gefahrguteinsatz-fuer-die-feuerwehr-am-megahub\/\" target=\"_blank\" rel=\"noopener\">Artikel lesen<\/a><\/td><\/tr><tr class=''><td class=''>29.04.2022<\/td><td class=''>Technische Hilfeleistung<\/td><td class=''>Bahnhof Arpke,<\/td><\/tr><tr class=''><td class=''>04.04.2022<\/td><td class=''>Feuer <\/td><td class=''>Ausgel\u00f6ste BMA <\/td><\/tr><tr class=''><td class=''>29.03.2022<\/td><td class=''>Feuer<\/td><td class=''>Alarmiert wurden wir zu einen brennenden Papiercontainer. Der Inhalt wurden ausgekippt und mit Wasser abgel\u00f6scht.<\/td><\/tr><tr class=''><td class=''>26.03.2022<\/td><td class=''>Feuer<\/td><td class=''>Wir w\u00fcrden zu ein brennenden Geb\u00fcsch an der IGS Lehrte-Ost alarmiert. Als wir ankamen war nur noch leichter Rauch zu erkennen. Es wurde eine Fl\u00e4che von ca. 10 Quadratmeter mit Wasser benetz.<\/td><\/tr><tr class=''><td class=''>19.03.2022<\/td><td class=''>ABC-Einsatz<\/td><td class=''>In Lehrte trat aus einem Tankcontainer Gas aus. Der ABC-Zug wurde alarmiert, in dem wir im Stadtgebiet Lehrte die Brandschutzkomponete stellen. Noch auf der Anfahrt kam der Alarmabbruch, wir verblieben im Feuerwehrhaus im Bereitschaft. <\/p>\n<p> Pressebericht:  <a href=\"https:\/\/www.altkreisblitz.de\/aktuelles\/datum\/2022\/03\/20\/austretendes-gas-sorgt-fuer-feuerwehreinsatz-am-megahub\/\" target=\"_blank\" rel=\"noopener\">Artikel lesen<\/a><\/td><\/tr><tr class=''><td class=''>27.02.2022<\/td><td class=''>ELO<\/td><td class=''>In R\u00f6ddensen kam es zu einem Schwelbrand. Die ELO (Einsatzleitung vor Ort) wurde alarmiert, bei der Koordination des Einsatzes unterst\u00fctzen wir mit einen Kamerad.<\/p>\n<p> Pressebericht:  <a href=\"https:\/\/www.altkreisblitz.de\/aktuelles\/datum\/2022\/02\/27\/feuerwehren-verhindern-ausgedehnten-dachstuhlbrand-in-roeddensen\/\" target=\"_blank\" rel=\"noopener\">Artikel lesen<\/a><\/td><\/tr><tr class=''><td class=''>24.02.2022<\/td><td class=''>Technische Hilfeleistung<\/td><td class=''>IGS Lehrte, ein Baum war auf eine Stra\u00dfe umgest\u00fcrzt. Wir r\u00e4umten die Stra\u00dfe mittels Kettens\u00e4ge wieder frei.<\/td><\/tr><tr class=''><td class=''>24.02.2022<\/td><td class=''>Feuer<\/td><td class=''>Es brannte eine Elektroverteilung an einem Geb\u00e4ude in Arpke. Anwohner hatten das Feuer selber l\u00f6schen k\u00f6nnen. Die Feuerwehr musste nicht mehr eingreifen.<\/td><\/tr><tr class=''><td class=''>23.02.2022<\/td><td class=''>ABC-Einsatz<\/td><td class=''>fragliche Undichtigkeit an einem Tankcontainer, MegaHub Lehrte<\/p>\n<p> Pressebericht:  <a href=\"https:\/\/www.altkreisblitz.de\/aktuelles\/datum\/2022\/02\/23\/gefahrstoffaustritt-am-megahub\/\" target=\"_blank\" rel=\"noopener\">Artikel lesen<\/a><\/td><\/tr><tr class=''><td class=''>20.02.2022<\/td><td class=''>Feuer<\/td><td class=''>Meldereinlauf<\/p>\n<p>Der 4. Zug der Stadtfeuerwehr wurde zu einer ausgel\u00f6sten Brandmeldeanlage in Sievershausen alarmiert. Vor Ort stellten wir fest das die Anlage an Druck verloren hat, ein Feuer gab es nicht.<\/p>\n<p><\/td><\/tr><tr class=''><td class=''>19.02.2022<\/td><td class=''>Technische Hilfeleistung<\/td><td class=''>Am morgen wurden wir nach Arpke alarmiert. Dort unterst\u00fctzen wir die Kameraden aus Arpke beim abarbeiten der zahlreichen Sturmsch\u00e4den im Ort.<\/p>\n<p>Pressebericht:   <a href=\"https:\/\/www.altkreisblitz.de\/aktuelles\/datum\/2022\/02\/19\/sturmtief-zeynep-fordert-einsatzkraefte-von-feuerwehr-und-thw-im-stadtgebiet-lehrte\/\" target=\"_blank\" rel=\"noopener\">Artikel lesen<\/a><\/td><\/tr><tr class=''><td class=''>18.02.2022<\/td><td class=''>Technische Hilfeleistung<\/td><td class=''>Aufgrund mehrerer Sturmsch\u00e4den (Okan Zeynep) im und au\u00dferhalb des Ort wurden wir alarmiert. Durch den Sturm lagen B\u00e4ume auf der Stra\u00dfe. Wir r\u00e4umten die Stra\u00dfen frei. Bis in die Nacht stellten wir eine Bereitschaft im Feuerwehrhaus.<\/td><\/tr><tr class=''><td class=''>13.02.2022<\/td><td class=''>ELO<\/td><td class=''>Auf einem Recylinghof in Lehrte kam es zu einem Feuer. Aufgrund der Gr\u00f6\u00dfe der Schadenslage wurde die ELO (Einsatzleitung vor Ort) alarmiert.<\/p>\n<p>Pressebericht:  <a href=\"https:\/\/www.altkreisblitz.de\/aktuelles\/datum\/2022\/02\/13\/feuer-in-industriegebiet-ist-in-weiten-teilen-lehrtes-zu-riechen\/\" target=\"_blank\" rel=\"noopener\">Artikel lesen<\/a><\/td><\/tr><tr class=''><td class=''>19.01.2022<\/td><td class=''>Wasserrettung<\/td><td class=''>Objekt im Wasser<\/p>\n<p>Die Polizei forderte ein Boot der Tauchergruppe Lehrte zur \u00dcberpr\u00fcfung eines Objektes an. <\/p>\n<p>Es kam zum Alarmabbruch kurz nach der Alarmierung.<\/td><\/tr><tr class=''><td class=''>03.02.2022<\/td><td class=''>Feuer<\/td><td class=''>Schornsteinbrand<\/p>\n<p>Wir wurden zu einer starken Rauchentwicklung alarmiert.<\/p>\n<p>Pressebericht:  <a href=\"https:\/\/www.altkreisblitz.de\/aktuelles\/datum\/2022\/02\/03\/starke-rauchentwicklung-entpuppt-sich-als-schornsteinbrand\/\" target=\"_blank\" rel=\"noopener\">Artikel lesen<\/a><\/td><\/tr><tr class=''><td class=''>17.01.2022<\/td><td class=''>Feuer<\/td><td class=''>Rauchenticklung in einer Garage<br \/>\nPressebericht:  <a href=\"https:\/\/www.altkreisblitz.de\/aktuelles\/datum\/2022\/01\/18\/rauchentwicklung-alarmiert-anwohner-elektroroller-brennt-in-garage-komplett-ab\/\" target=\"_blank\" rel=\"noopener\">Artikel lesen<\/a><\/td><\/tr><tr class=''><td class=''>17.01.2022<\/td><td class=''>Feuer<\/td><td class=''>Baum brennt an der IGS Lehrte Ost<\/p>\n<p>Das Feuer konnte schnell gel\u00f6scht werden, somit wurden unsere Kr\u00e4fte nicht mehr ben\u00f6tigt.<\/td><\/tr><\/tbody><\/table><\/div>\n","protected":false},"excerpt":{"rendered":"","protected":false},"author":1,"featured_media":0,"parent":0,"menu_order":0,"comment_status":"closed","ping_status":"closed","template":"","meta":[],"_links":{"self":[{"href":"https:\/\/www.feuerwehr-sievershausen.de\/index.php?rest_route=\/wp\/v2\/pages\/719"}],"collection":[{"href":"https:\/\/www.feuerwehr-sievershausen.de\/index.php?rest_route=\/wp\/v2\/pages"}],"about":[{"href":"https:\/\/www.feuerwehr-sievershausen.de\/index.php?rest_route=\/wp\/v2\/types\/page"}],"author":[{"embeddable":true,"href":"https:\/\/www.feuerwehr-sievershausen.de\/index.php?rest_route=\/wp\/v2\/users\/1"}],"replies":[{"embeddable":true,"href":"https:\/\/www.feuerwehr-sievershausen.de\/index.php?rest_route=%2Fwp%2Fv2%2Fcomments&post=719"}],"version-history":[{"count":4,"href":"https:\/\/www.feuerwehr-sievershausen.de\/index.php?rest_route=\/wp\/v2\/pages\/719\/revisions"}],"predecessor-version":[{"id":851,"href":"https:\/\/www.feuerwehr-sievershausen.de\/index.php?rest_route=\/wp\/v2\/pages\/719\/revisions\/851"}],"wp:attachment":[{"href":"https:\/\/www.feuerwehr-sievershausen.de\/index.php?rest_route=%2Fwp%2Fv2%2Fmedia&parent=719"}],"curies":[{"name":"wp","href":"https:\/\/api.w.org\/{rel}","templated":true}]}}