{"id":306,"date":"2021-11-15T17:31:21","date_gmt":"2021-11-15T16:31:21","guid":{"rendered":"https:\/\/www.feuerwehr-sievershausen.de\/?page_id=306"},"modified":"2024-10-27T20:36:02","modified_gmt":"2024-10-27T19:36:02","slug":"foerderverein","status":"publish","type":"page","link":"https:\/\/www.feuerwehr-sievershausen.de\/?page_id=306","title":{"rendered":"F\u00f6rderverein"},"content":{"rendered":"<div id='fullscreen_slider_1'  class='avia-fullscreen-slider main_color   avia-builder-el-0  el_before_av_textblock  avia-builder-el-first   container_wrap fullsize'  ><div   data-size='no scaling'  data-lightbox_size='large'  data-animation='slide'  data-conditional_play=''  data-ids='286'  data-video_counter='0'  data-autoplay='false'  data-bg_slider='true'  data-slide_height='100'  data-handle='av_fullscreen'  data-interval='5'  data-class=' '  data-el_id=''  data-css_id='fullscreen_slider_1'  data-scroll_down=''  data-control_layout='av-control-hidden'  data-custom_markup=''  data-perma_caption=''  data-autoplay_stopper=''  data-image_attachment=''  data-min_height='0px'  data-lazy_loading='disabled'  data-stretch=''  data-img_scrset=''  class='avia-slideshow avia-slideshow-1  av-control-hidden av-default-height-applied avia-slideshow-no scaling av_fullscreen   avia-slide-slider '  itemprop=\"image\" itemscope=\"itemscope\" itemtype=\"https:\/\/schema.org\/ImageObject\" ><ul class='avia-slideshow-inner ' style='padding-bottom: 28.645833333333%;' ><li style='background-position:center center;' data-img-url='https:\/\/www.feuerwehr-sievershausen.de\/wp-content\/uploads\/2021\/11\/Header-FW-2.jpg' class=' av-single-slide slide-1 ' ><div data-rel='slideshow-1' class='avia-slide-wrap '   ><\/div><\/li><\/ul><\/div><\/div><div id='after_full_slider_1'  class='main_color av_default_container_wrap container_wrap fullsize'  ><div class='container av-section-cont-open' ><div class='template-page content  av-content-full alpha units'><div class='post-entry post-entry-type-page post-entry-306'><div class='entry-content-wrapper clearfix'>\n<section class=\"av_textblock_section \"  itemscope=\"itemscope\" itemtype=\"https:\/\/schema.org\/CreativeWork\" ><div class='avia_textblock  '   itemprop=\"text\" ><h1>F\u00f6rderverein der Feuerwehr Sievershausen e.V.<\/h1>\n<p>Ende 2010 suchten mehrere F\u00fchrungskr\u00e4fte der Freiwilligen Feuerwehr Sievershausen nach Wegen, die finanzielle Situation der \u00f6rtlichen Einsatzkr\u00e4fte zu verbessern. Als Ergebnis gr\u00fcndeten 24 Personen am 26.05.2011 den F\u00f6rderverein der Feuerwehr Sievershausen.<\/p>\n<p>Der erste Vorstand setzte sich zusammen aus: Wolfgang Sch\u00fctze (1. Vorsitzender), Matthias Fiedler (2. Vorsitzender), Henning Schulz (Schriftwart), Irene Teppich (Kassiererin), Thorsten Greve (Beisitzer) und Ingo Schmidt (Beisitzer).<\/p>\n<p>Mit folgenden Worten (die auch heute noch G\u00fcltigkeit haben) wurde seinerzeit f\u00fcr eine Mitgliedschaft geworben:<\/p>\n<p>\u201eDie Ortschaft Sievershausen besitzt zurzeit eine sehr gut aufgestellte Feuerwehr. Die Mitgliederzahlen der Einsatzabteilung sind konstant und die Jugendfeuerwehr hat im letzten Jahr deutlich Nachwuchs bekommen. Auch in der Altersgruppe, deren Mitglieder aus Altersgr\u00fcnden keine Eins\u00e4tze mehr mitfahren d\u00fcrfen, herrscht eine sehr gute Kameradschaft.<\/p>\n<p>Diese ehrenamtliche T\u00e4tigkeiten werden durch den Tr\u00e4ger des Brandschutzes hoch gew\u00fcrdigt. Er sorgt im Rahmen seiner M\u00f6glichkeiten auch f\u00fcr die n\u00f6tige Einsatzausr\u00fcstung sowie Technik [\u2026] Die Neuanschaffungen des letzten Jahres in Sievershausen, [\u2026], konnten nur mit Hilfe der B\u00fcrgerinnen und B\u00fcrger bzw. verschiedener Firmen gestemmt werden.<\/p>\n<p>Da sich diese Situation in den n\u00e4chsten Jahren sicherlich nicht ver\u00e4ndern wird, w\u00e4re es sch\u00f6n, wenn ein neu zu gr\u00fcndender Feuerwehr-F\u00f6rderverein, unterst\u00fctzend bei der Werbung von Sponsoren und der Beschaffung von Geldern helfen w\u00fcrde. [\u2026]\u201c<\/p>\n<p>In der Zwischenzeit sind 13 Jahre vergangen und der F\u00f6rderverein der Feuerwehr Sievershausen kann nunmehr \u00fcber 100 Mitglieder z\u00e4hlen. Er ist ein wichtiger, erkennbarer Teil unserer Dorfgemeinschaft geworden, der die Arbeit der \u00f6rtlichen Feuerwehr wirksam unterst\u00fctzt.<\/p>\n<p>Durch die Mitgliedsbeitr\u00e4ge und zahlreichen Spenden konnten alle Abteilungen profitieren. Auch wurden finanzielle Mittel zur Verf\u00fcgung gestellt, um die Einsatzfahrzeuge den W\u00fcnschen und \u00f6rtlichen Besonderheiten entsprechend auszustatten.<\/p>\n<p>Neben der Einsatzabteilung, die nat\u00fcrlich einen gro\u00dfen Teil der F\u00f6rderung genie\u00dft, kommen auch die anderen Abteilungen nicht zur kurz.<\/p>\n<p>Die ebenfalls 2011 gegr\u00fcndete Kinderfeuerwehr hatte 2019 neue Caps und T-Shirts bekommen, die Jugendfeuerwehr konnte im gleichen Jahr ihr 50- j\u00e4hriges Jubil\u00e4um \u00fcber den F\u00f6rderverein abwickeln und auch die Altersgruppe wird bei Bedarf, z. B mit feuerwehrspezifischer Kleidung unterst\u00fctzt.<\/p>\n<p>Wir als Vorstand freuen uns \u00fcber jede weitere Unterst\u00fctzung des F\u00f6rdervereins der Feuerwehr Sievershausen.<\/p>\n<\/div><\/section>\n<div class='flex_column av-1m7xxu-8e7704982f76ff5de6fbf6ba91d753a1 av_one_fourth  avia-builder-el-2  el_after_av_textblock  el_before_av_one_fourth  first flex_column_div column-top-margin'   ><\/div>\n<div class='flex_column av-1ciq6i-99f9de35b651233f4cb852d1d7348f16 av_one_fourth  avia-builder-el-3  el_after_av_one_fourth  el_before_av_one_fourth  flex_column_div column-top-margin'   ><section  class='avia-team-member   avia-builder-el-4  avia-builder-el-no-sibling '  itemscope=\"itemscope\" itemtype=\"https:\/\/schema.org\/Person\" ><div class='team-img-container'><img width=\"200\" height=\"200\" class='wp-image-361 avia-img-lazy-loading-not-361 avia_image avia_image_team av-team-img-original' src=\"https:\/\/www.feuerwehr-sievershausen.de\/wp-content\/uploads\/2021\/11\/Matthias.jpg\" alt='Matthias Fiedler'  itemprop=\"image\" srcset=\"https:\/\/www.feuerwehr-sievershausen.de\/wp-content\/uploads\/2021\/11\/Matthias.jpg 200w, https:\/\/www.feuerwehr-sievershausen.de\/wp-content\/uploads\/2021\/11\/Matthias-80x80.jpg 80w, https:\/\/www.feuerwehr-sievershausen.de\/wp-content\/uploads\/2021\/11\/Matthias-36x36.jpg 36w, https:\/\/www.feuerwehr-sievershausen.de\/wp-content\/uploads\/2021\/11\/Matthias-180x180.jpg 180w\" sizes=\"(max-width: 200px) 100vw, 200px\" \/><\/div><h3 class='team-member-name'    itemprop=\"name\" >Matthias Fiedler<\/h3><div class='team-member-job-title '   itemprop=\"jobTitle\" >1. Vorsitzender<\/div><span class='hidden team-member-affiliation'  itemprop=\"affiliation\" >\u00a0Freiwillige Feuerwehr Sievershausen<\/span><\/section><\/div>\n<div class='flex_column av-4h1ay-70fbc7062b38def3a6579620891f7f3b av_one_fourth  avia-builder-el-5  el_after_av_one_fourth  el_before_av_one_fourth  flex_column_div column-top-margin'   ><section  class='avia-team-member   avia-builder-el-6  avia-builder-el-no-sibling '  itemscope=\"itemscope\" itemtype=\"https:\/\/schema.org\/Person\" ><div class='team-img-container'><img width=\"200\" height=\"200\" class='wp-image-350 avia-img-lazy-loading-not-350 avia_image avia_image_team av-team-img-original' src=\"https:\/\/www.feuerwehr-sievershausen.de\/wp-content\/uploads\/2021\/11\/Henning.jpg\" alt='Henning Schulz'  itemprop=\"image\" srcset=\"https:\/\/www.feuerwehr-sievershausen.de\/wp-content\/uploads\/2021\/11\/Henning.jpg 200w, https:\/\/www.feuerwehr-sievershausen.de\/wp-content\/uploads\/2021\/11\/Henning-80x80.jpg 80w, https:\/\/www.feuerwehr-sievershausen.de\/wp-content\/uploads\/2021\/11\/Henning-36x36.jpg 36w, https:\/\/www.feuerwehr-sievershausen.de\/wp-content\/uploads\/2021\/11\/Henning-180x180.jpg 180w\" sizes=\"(max-width: 200px) 100vw, 200px\" \/><\/div><h3 class='team-member-name'    itemprop=\"name\" >Henning Schulz<\/h3><div class='team-member-job-title '   itemprop=\"jobTitle\" >2. Vorsitzender<\/div><span class='hidden team-member-affiliation'  itemprop=\"affiliation\" >\u00a0Freiwillige Feuerwehr Sievershausen<\/span><\/section><\/div>\n<div class='flex_column av-13lkga-687f44047c4a816da93f0d28cbeddede av_one_fourth  avia-builder-el-7  el_after_av_one_fourth  el_before_av_one_fourth  flex_column_div column-top-margin'   ><\/div>\n<div class='flex_column av-xtyoq-2dfb4f6f14da7c7dcbd9b2a8a7735ee1 av_one_fourth  avia-builder-el-8  el_after_av_one_fourth  el_before_av_one_fourth  first flex_column_div column-top-margin'   ><section  class='avia-team-member   avia-builder-el-9  avia-builder-el-no-sibling '  itemscope=\"itemscope\" itemtype=\"https:\/\/schema.org\/Person\" ><div class='team-img-container'><img width=\"200\" height=\"200\" class='wp-image-356 avia-img-lazy-loading-not-356 avia_image avia_image_team av-team-img-original' src=\"https:\/\/www.feuerwehr-sievershausen.de\/wp-content\/uploads\/2021\/11\/Janine.jpg\" alt='Janine Czurgelies'  itemprop=\"image\" srcset=\"https:\/\/www.feuerwehr-sievershausen.de\/wp-content\/uploads\/2021\/11\/Janine.jpg 200w, https:\/\/www.feuerwehr-sievershausen.de\/wp-content\/uploads\/2021\/11\/Janine-80x80.jpg 80w, https:\/\/www.feuerwehr-sievershausen.de\/wp-content\/uploads\/2021\/11\/Janine-36x36.jpg 36w, https:\/\/www.feuerwehr-sievershausen.de\/wp-content\/uploads\/2021\/11\/Janine-180x180.jpg 180w\" sizes=\"(max-width: 200px) 100vw, 200px\" \/><\/div><h3 class='team-member-name'    itemprop=\"name\" >Janine Czurgelies<\/h3><div class='team-member-job-title '   itemprop=\"jobTitle\" >Kassenwartin<\/div><span class='hidden team-member-affiliation'  itemprop=\"affiliation\" >\u00a0Freiwillige Feuerwehr Sievershausen<\/span><\/section><\/div>\n<div class='flex_column av-p9vmy-5c8641832c1ee8d50bdc2fc8626f7575 av_one_fourth  avia-builder-el-10  el_after_av_one_fourth  el_before_av_one_fourth  flex_column_div column-top-margin'   ><section  class='avia-team-member   avia-builder-el-11  avia-builder-el-no-sibling '  itemscope=\"itemscope\" itemtype=\"https:\/\/schema.org\/Person\" ><div class='team-img-container'><img width=\"200\" height=\"200\" class='wp-image-1092 avia-img-lazy-loading-not-1092 avia_image avia_image_team av-team-img-original' src=\"https:\/\/www.feuerwehr-sievershausen.de\/wp-content\/uploads\/2024\/09\/Theresa_200_200.jpg\" alt='Theresa Schwenke'  itemprop=\"image\" srcset=\"https:\/\/www.feuerwehr-sievershausen.de\/wp-content\/uploads\/2024\/09\/Theresa_200_200.jpg 200w, https:\/\/www.feuerwehr-sievershausen.de\/wp-content\/uploads\/2024\/09\/Theresa_200_200-80x80.jpg 80w, https:\/\/www.feuerwehr-sievershausen.de\/wp-content\/uploads\/2024\/09\/Theresa_200_200-36x36.jpg 36w, https:\/\/www.feuerwehr-sievershausen.de\/wp-content\/uploads\/2024\/09\/Theresa_200_200-180x180.jpg 180w\" sizes=\"(max-width: 200px) 100vw, 200px\" \/><\/div><h3 class='team-member-name'    itemprop=\"name\" >Theresa Schwenke<\/h3><div class='team-member-job-title '   itemprop=\"jobTitle\" >Schriftwartin<\/div><span class='hidden team-member-affiliation'  itemprop=\"affiliation\" >\u00a0Freiwillige Feuerwehr Sievershausen<\/span><\/section><\/div>\n<div class='flex_column av-k4stu-c0b2f78b5eec5a4fa57017f22d45645a av_one_fourth  avia-builder-el-12  el_after_av_one_fourth  el_before_av_one_fourth  flex_column_div column-top-margin'   ><section  class='avia-team-member   avia-builder-el-13  avia-builder-el-no-sibling '  itemscope=\"itemscope\" itemtype=\"https:\/\/schema.org\/Person\" ><div class='team-img-container'><img width=\"200\" height=\"200\" class='wp-image-352 avia-img-lazy-loading-not-352 avia_image avia_image_team av-team-img-original' src=\"https:\/\/www.feuerwehr-sievershausen.de\/wp-content\/uploads\/2021\/11\/Peter.jpg\" alt='Peter Czurgelies'  itemprop=\"image\" srcset=\"https:\/\/www.feuerwehr-sievershausen.de\/wp-content\/uploads\/2021\/11\/Peter.jpg 200w, https:\/\/www.feuerwehr-sievershausen.de\/wp-content\/uploads\/2021\/11\/Peter-80x80.jpg 80w, https:\/\/www.feuerwehr-sievershausen.de\/wp-content\/uploads\/2021\/11\/Peter-36x36.jpg 36w, https:\/\/www.feuerwehr-sievershausen.de\/wp-content\/uploads\/2021\/11\/Peter-180x180.jpg 180w\" sizes=\"(max-width: 200px) 100vw, 200px\" \/><\/div><h3 class='team-member-name'    itemprop=\"name\" >Peter Czurgelies<\/h3><div class='team-member-job-title '   itemprop=\"jobTitle\" >Beisitzer \/ Ortsbrandmeister<\/div><span class='hidden team-member-affiliation'  itemprop=\"affiliation\" >\u00a0Freiwillige Feuerwehr Sievershausen<\/span><\/section><\/div>\n<div class='flex_column av-gejhu-586947d4c4a133506dccf893f7b0ce35 av_one_fourth  avia-builder-el-14  el_after_av_one_fourth  el_before_av_hr  flex_column_div column-top-margin'   ><section  class='avia-team-member   avia-builder-el-15  avia-builder-el-no-sibling '  itemscope=\"itemscope\" itemtype=\"https:\/\/schema.org\/Person\" ><div class='team-img-container'><img width=\"200\" height=\"200\" class='wp-image-979 avia-img-lazy-loading-not-979 avia_image avia_image_team av-team-img-original' src=\"https:\/\/www.feuerwehr-sievershausen.de\/wp-content\/uploads\/2024\/06\/Manu_neu-2.jpg\" alt='Manuel K\u00f6hne'  itemprop=\"image\" srcset=\"https:\/\/www.feuerwehr-sievershausen.de\/wp-content\/uploads\/2024\/06\/Manu_neu-2.jpg 200w, https:\/\/www.feuerwehr-sievershausen.de\/wp-content\/uploads\/2024\/06\/Manu_neu-2-80x80.jpg 80w, https:\/\/www.feuerwehr-sievershausen.de\/wp-content\/uploads\/2024\/06\/Manu_neu-2-36x36.jpg 36w, https:\/\/www.feuerwehr-sievershausen.de\/wp-content\/uploads\/2024\/06\/Manu_neu-2-180x180.jpg 180w\" sizes=\"(max-width: 200px) 100vw, 200px\" \/><\/div><h3 class='team-member-name'    itemprop=\"name\" >Manuel K\u00f6hne<\/h3><div class='team-member-job-title '   itemprop=\"jobTitle\" >Beisitzer \/ Stellv. Ortsbrandmeister<\/div><span class='hidden team-member-affiliation'  itemprop=\"affiliation\" >\u00a0Freiwillige Feuerwehr Sievershausen<\/span><\/section><\/div>\n<div  class='hr av-9694i-188cabaa7fdd3b754f114bb9bd57481f hr-default  avia-builder-el-16  el_after_av_one_fourth  el_before_av_one_full  '><span class='hr-inner '><span class=\"hr-inner-style\"><\/span><\/span><\/div>\n<div class='flex_column av-95v8i-5f53a43db011e1568a59b920470a572b av_one_full  avia-builder-el-17  el_after_av_hr  avia-builder-el-last  first flex_column_div '   ><section class=\"av_textblock_section \"  itemscope=\"itemscope\" itemtype=\"https:\/\/schema.org\/CreativeWork\" ><div class='avia_textblock  '   itemprop=\"text\" ><h1>Downloads<\/h1>\n<\/div><\/section><br \/>\n<div  class='avia-buttonrow-wrap av-kw11xkoe-a540cc70bc7971eff561a4bf1b0e6cf6 avia-buttonrow-center  avia-builder-el-19  el_after_av_textblock  avia-builder-el-last  '>\n\n<style type=\"text\/css\" data-created_by=\"avia_inline_auto\" id=\"style-css-av-kw11u9rt-9bda9df63e1dc6191cae0e1ecb80fda4\">\n#top #wrap_all .avia-button.av-kw11u9rt-9bda9df63e1dc6191cae0e1ecb80fda4{\nmargin-bottom:5px;\nmargin-right:3px;\nmargin-left:3px;\n}\n<\/style>\n<a href='https:\/\/www.feuerwehr-sievershausen.de\/wp-content\/uploads\/2021\/11\/Satzung26052011.pdf'  class='avia-button av-kw11u9rt-9bda9df63e1dc6191cae0e1ecb80fda4 avia-icon_select-yes-left-icon avia-size-small avia-color-theme-color'  target=\"_blank\"  rel=\"noopener noreferrer\" ><span class='avia_button_icon avia_button_icon_left ' aria-hidden='true' data-av_icon='\ue84f' data-av_iconfont='entypo-fontello'><\/span><span class='avia_iconbox_title' >Vereinssatzung<\/span><\/a>\n\n<style type=\"text\/css\" data-created_by=\"avia_inline_auto\" id=\"style-css-av-kw11xe7b-3f2b1c3be83a4d4405b44319443cd590\">\n#top #wrap_all .avia-button.av-kw11xe7b-3f2b1c3be83a4d4405b44319443cd590{\nmargin-bottom:5px;\nmargin-right:3px;\nmargin-left:3px;\n}\n<\/style>\n<a href='https:\/\/www.feuerwehr-sievershausen.de\/wp-content\/uploads\/2021\/11\/foerderverein_sievershausen.pdf'  class='avia-button av-kw11xe7b-3f2b1c3be83a4d4405b44319443cd590 avia-icon_select-yes-left-icon avia-size-small avia-color-theme-color'  target=\"_blank\"  rel=\"noopener noreferrer\" ><span class='avia_button_icon avia_button_icon_left ' aria-hidden='true' data-av_icon='\ue84e' data-av_iconfont='entypo-fontello'><\/span><span class='avia_iconbox_title' >Informationsflyer<\/span><\/a>\n\n<style type=\"text\/css\" data-created_by=\"avia_inline_auto\" id=\"style-css-av-kw11vb0g-3612a30080895131d13b0ae12cf56d18\">\n#top #wrap_all .avia-button.av-kw11vb0g-3612a30080895131d13b0ae12cf56d18{\nmargin-bottom:5px;\nmargin-right:3px;\nmargin-left:3px;\n}\n<\/style>\n<a href='https:\/\/www.feuerwehr-sievershausen.de\/wp-content\/uploads\/2021\/11\/aufnahmeantrag.pdf'  class='avia-button av-kw11vb0g-3612a30080895131d13b0ae12cf56d18 avia-icon_select-yes-left-icon avia-size-small avia-color-theme-color'  target=\"_blank\"  rel=\"noopener noreferrer\" ><span class='avia_button_icon avia_button_icon_left ' aria-hidden='true' data-av_icon='\ue84b' data-av_iconfont='entypo-fontello'><\/span><span class='avia_iconbox_title' >Aufnahmeantrag<\/span><\/a>\n\n<style type=\"text\/css\" data-created_by=\"avia_inline_auto\" id=\"style-css-av-kw11wl02-8072a9f0f4a0e5a59c5ca73319b23a7e\">\n#top #wrap_all .avia-button.av-kw11wl02-8072a9f0f4a0e5a59c5ca73319b23a7e{\nmargin-bottom:5px;\nmargin-right:3px;\nmargin-left:3px;\n}\n<\/style>\n<a href='https:\/\/www.feuerwehr-sievershausen.de\/wp-content\/uploads\/2021\/11\/einzug.pdf'  class='avia-button av-kw11wl02-8072a9f0f4a0e5a59c5ca73319b23a7e avia-icon_select-yes-left-icon avia-size-small avia-color-theme-color'  target=\"_blank\"  rel=\"noopener noreferrer\" ><span class='avia_button_icon avia_button_icon_left ' aria-hidden='true' data-av_icon='\ue8d3' data-av_iconfont='entypo-fontello'><\/span><span class='avia_iconbox_title' >Einzugserm\u00e4chtigung<\/span><\/a>\n<\/div><\/p><\/div>\n","protected":false},"excerpt":{"rendered":"","protected":false},"author":1,"featured_media":0,"parent":0,"menu_order":0,"comment_status":"closed","ping_status":"closed","template":"","meta":[],"_links":{"self":[{"href":"https:\/\/www.feuerwehr-sievershausen.de\/index.php?rest_route=\/wp\/v2\/pages\/306"}],"collection":[{"href":"https:\/\/www.feuerwehr-sievershausen.de\/index.php?rest_route=\/wp\/v2\/pages"}],"about":[{"href":"https:\/\/www.feuerwehr-sievershausen.de\/index.php?rest_route=\/wp\/v2\/types\/page"}],"author":[{"embeddable":true,"href":"https:\/\/www.feuerwehr-sievershausen.de\/index.php?rest_route=\/wp\/v2\/users\/1"}],"replies":[{"embeddable":true,"href":"https:\/\/www.feuerwehr-sievershausen.de\/index.php?rest_route=%2Fwp%2Fv2%2Fcomments&post=306"}],"version-history":[{"count":16,"href":"https:\/\/www.feuerwehr-sievershausen.de\/index.php?rest_route=\/wp\/v2\/pages\/306\/revisions"}],"predecessor-version":[{"id":1133,"href":"https:\/\/www.feuerwehr-sievershausen.de\/index.php?rest_route=\/wp\/v2\/pages\/306\/revisions\/1133"}],"wp:attachment":[{"href":"https:\/\/www.feuerwehr-sievershausen.de\/index.php?rest_route=%2Fwp%2Fv2%2Fmedia&parent=306"}],"curies":[{"name":"wp","href":"https:\/\/api.w.org\/{rel}","templated":true}]}}