{"id":208,"date":"2021-11-09T17:54:36","date_gmt":"2021-11-09T16:54:36","guid":{"rendered":"https:\/\/www.feuerwehr-sievershausen.de\/?page_id=208"},"modified":"2026-01-15T18:22:24","modified_gmt":"2026-01-15T17:22:24","slug":"einsaetze","status":"publish","type":"page","link":"https:\/\/www.feuerwehr-sievershausen.de\/?page_id=208","title":{"rendered":"Eins\u00e4tze 2025"},"content":{"rendered":"<div id='fullscreen_slider_1'  class='avia-fullscreen-slider main_color   avia-builder-el-0  el_before_av_textblock  avia-builder-el-first   container_wrap fullsize'  ><div   data-size='no scaling'  data-lightbox_size='large'  data-animation='slide'  data-conditional_play=''  data-ids='286'  data-video_counter='0'  data-autoplay='false'  data-bg_slider='true'  data-slide_height='100'  data-handle='av_fullscreen'  data-interval='5'  data-class=' '  data-el_id=''  data-css_id='fullscreen_slider_1'  data-scroll_down=''  data-control_layout='av-control-hidden'  data-custom_markup=''  data-perma_caption=''  data-autoplay_stopper=''  data-image_attachment=''  data-min_height='0px'  data-lazy_loading='disabled'  data-stretch=''  data-img_scrset=''  class='avia-slideshow avia-slideshow-1  av-control-hidden av-default-height-applied avia-slideshow-no scaling av_fullscreen   avia-slide-slider '  itemprop=\"image\" itemscope=\"itemscope\" itemtype=\"https:\/\/schema.org\/ImageObject\" ><ul class='avia-slideshow-inner ' style='padding-bottom: 28.645833333333%;' ><li style='background-position:center center;' data-img-url='https:\/\/www.feuerwehr-sievershausen.de\/wp-content\/uploads\/2021\/11\/Header-FW-2.jpg' class=' av-single-slide slide-1 ' ><div data-rel='slideshow-1' class='avia-slide-wrap '   ><\/div><\/li><\/ul><\/div><\/div><div id='after_full_slider_1'  class='main_color av_default_container_wrap container_wrap fullsize'  ><div class='container av-section-cont-open' ><div class='template-page content  av-content-full alpha units'><div class='post-entry post-entry-type-page post-entry-208'><div class='entry-content-wrapper clearfix'>\n<section class=\"av_textblock_section \"  itemscope=\"itemscope\" itemtype=\"https:\/\/schema.org\/CreativeWork\" ><div class='avia_textblock  '   itemprop=\"text\" ><h1>Eins\u00e4tze 2025<\/h1>\n<\/div><\/section>\n<div class='avia-data-table-wrap av-28aghk-efa2776a22188106899d8b2ed21e11a8 avia_responsive_table avia-table-1 '><table  class='avia-table avia-data-table avia_pricing_default  avia-builder-el-2  el_after_av_textblock  avia-builder-el-last '  itemscope=\"itemscope\" itemtype=\"https:\/\/schema.org\/Table\" ><tbody><tr class=''><td class=''>25.12.2025<\/td><td class=''>Feuer<\/td><td class=''>Um 17:00 Uhr wurden erneut die Ortswehren Sievershausen, Arpke und H\u00e4melerwald alarmiert wegen einer Rauchentwicklung aus einem Fenster eines Mehrfamilienhaus in Arpke. Beim eintreffen der ersten Einsatzkr\u00e4fte best\u00e4tigte sich die Meldung, aus einem K\u00fcchenfenster drang dichter Rauch. Die Bewohner der betroffenen Wohnung handelten umsichtig, legten nasse Handt\u00fccher vor die K\u00fcchent\u00fcr und verlie\u00dfen die Wohnung. Zudem informierten sie alle Nachbarn, sodass sich keine Personen mehr in Wohnungen befanden. Unter Atemschutz wurde die Lage Erkundet und weitere notwendige Ma\u00dfnahmen eingeleitet. Personen wurden bei dem Einsatz nicht verletzt.<\/td><\/tr><tr class=''><td class=''>25.12.2025<\/td><td class=''>Feuer<\/td><td class=''>Die Ortsfeuerwehren Sievershausen, Arpke und H\u00e4melerwald wurden um 11:56 Uhr zu einem Brand in Sievershausen alarmiert. Eine Propangas betriebener Heizl\u00fcfter hatte in einem kleinen Pumpenhaus einen Brand verursacht, der bereits durch Anwohner gel\u00f6scht worden war, Wir sicherten eine weiterhin Gas abgebende Propangasflasche und \u00fcberpr\u00fcften den Bereich mit einer W\u00e4rmebildkamera. Verletzt wurde niemand. Insgesamt waren 38 Einsatzkr\u00e4fte mit neun Fahrzeugen im Einsatz.<\/td><\/tr><tr class=''><td class=''>16.12.2025<\/td><td class=''>Feuer<\/td><td class=''>Zu einen brennende Fahrzeug in Arpke wurden wir gemeinsam mit Arpke alarmiert. Beim eintreffen an der Einsatzstelle war das Feuer bereits von Einsatzkr\u00e4fte aus Arpke gel\u00f6scht. Wir r\u00fcckten ohne weitere Ma\u00dfnahmen wieder ein.<\/td><\/tr><tr class=''><td class=''>04.12.2025<\/td><td class=''>Wasserrettung<\/td><td class=''>Am Mittellandkanal in Sehnde wurden unsere Einsatzkr\u00e4fte zu einer Wasserrettung ohne Menschengef\u00e4hrdung alarmiert. Eine Leinenf\u00fchrer, eine Taucherin und ein Bootsf\u00fchrer r\u00fcckten zur Unterst\u00fctzung an. Hintergrund war eine Kollision zweier Schiffe in H\u00f6he Mehrum, wobei eines der besch\u00e4digten Fahrzeuge weiter bis nach Sehnde fuhr und dort festmachte. Vor Ort wurde mit mehren Taucherinnen und Taucher die Leckage lokalisiert und provisorisch abgedichtet. Der Einsatz konnte erfolgreich beendet werden, eine weitere Gef\u00e4hrdung bestand nicht.<\/td><\/tr><tr class=''><td class=''>10.11.2025<\/td><td class=''>Technische Hilfeleistung<\/td><td class=''>Bei einem Verkehrsunfall kam ein Fahrzeug von der Stra\u00dfe ab und \u00fcberschlug sich, sodass es auf dem Dach zum Liegen kam. Die Insassin konnte das Fahrzeug gl\u00fccklicherweise selbst\u00e4ndig verlassen. Vor Ort wurde sie bereits vorbildlich von Ersthelfern betreut. Wir sicherten die Einsatzstelle und unterst\u00fctzen die weiteren Ma\u00dfnahmen.<\/td><\/tr><tr class=''><td class=''>01.11.2025<\/td><td class=''>Technische Hilfeleistung<\/td><td class=''>Zu einen Verkehrsunfall wurden wir mit der Feuerwehr H\u00e4melerwald gerufen. Auf der Landstra\u00dfe 413 zwischen Sievershausen und H\u00e4melerwald waren in einer leichten links Kurve zwei Fahrzeuge frontal zusammengesto\u00dfen, dabei wurden f\u00fcnf Personen verletzt.  Beim Eintreffen der Einsatzkr\u00e4fte waren zwei Fahrer in ihren Fahrzeugen eingeschlossen. Es wurde die Unfallstelle gesichert, der Brandschutz wurde sichergestellt und hydraulisches Rettungsger\u00e4t zur Befreiung der Eingeschlossenen eingesetzt. Anschlie\u00dfend wurden alle Verletzen vom Rettungsdienst versorgt und in umliegende Krankenh\u00e4user gebracht. Nach Abschluss der Rettungsma\u00dfnahmen und Reinigung der Fahrbahn wurde die Einsatzstelle an die Polizei  \u00fcbergeben.<\/td><\/tr><tr class=''><td class=''>25.10.2025<\/td><td class=''>Feuer<\/td><td class=''>Man wurde zu einem Brand im Gewerbegebiet alarmiert. In einem Duschcountainer war eine Therme in Brand gerate, wodurch eine deutliche Rauchentwicklung entstand. Das Feuer konnte rasch unter Kontrolle gebracht werden. Anschlie\u00dfend wurden der Bereich auf weitere Glutnester \u00fcberpr\u00fcft. Dank des schnellen Eingreifens entstand kein gr\u00f6\u00dferer Schaden.<\/td><\/tr><tr class=''><td class=''>26.09.2025<\/td><td class=''>Feuer<\/td><td class=''>Zu einer ausgel\u00f6sten Brandmeldeanlage r\u00fcckten wir aus.<br \/>\nBei Reinigungsarbeiten kam es zu einer starken Staubentwicklung, die die Anlage ausgel\u00f6ste. Die R\u00e4umlichkeiten wurden umfassend kontrolliert, ein Brand oder eine Gefahr konnte nicht festgestellt werden. Nach Abschluss der Kontrolle wurde die Anlage zur\u00fcckgestellt und der Einsatz beendet.<\/td><\/tr><tr class=''><td class=''>18.09.2025<\/td><td class=''>Feuer<\/td><td class=''>Es wurde eine Einsatz\u00fcbung in einer Lagerhalle durchgef\u00fchrt. Angenommen wurde ein Brand mit mehreren vermissten Personen. Sechs Personen konnten \u00fcber Steckleiter und die Drehleiter aus dem B\u00fcrogeb\u00e4ude gerettet werden, zwei weitere in der Halle gefunden. Unterst\u00fctzt wurde die \u00dcbung durch das THW, das die Vermissten realistisch darstellten. Beteiligt an der \u00dcbung waren der 4. Zug (Sievershausen\/Arpke) und der 5. Zug (H\u00e4melerwald)<\/td><\/tr><tr class=''><td class=''>05.09.2025<\/td><td class=''>ABC- Einsatz<\/td><td class=''>Wir nahmen als Teil des ABC Zuges Region Hannover Ost an einer \u00dcbung in Burgdorf teil. Ge\u00fcbt wurde der Umgang mit einen Gefahrstoffaustritt nach einem Zusammensto\u00df eines Gabelstaplers mit einem IBC-Beh\u00e4lter. Unsere Aufgabe umfasste die Rettung des Fahrers und die Gefahrenbereichs. Die \u00dcbung wurde gemeinsam mit Kr\u00e4ften von DRK, THW und der Polizei durchgef\u00fchrt.<\/td><\/tr><tr class=''><td class=''>27.08.2025<\/td><td class=''>ABC- Einsatz<\/td><td class=''>Gemeinsam mit der Feuerwehr aus Lehrte, Arpke und H\u00f6ver, der Polizei, dem Rettungsdienst und den Stadtwerken wurden wir  alarmiert. Vor Ort wurde ein Gasgeruchs in der Kindertagesst\u00e4tte gemeldet. die betroffenen Bereiche wurden abgesichert, Messung durchgef\u00fchrt und das Geb\u00e4ude vorsorglich kontrolliert. es bestand keine unmittelbare Gefahr f\u00fcr Personen. Die Ursache des Gasgeruchs konnte vor Ort nicht endg\u00fcltig festgestellt werden.<\/td><\/tr><tr class=''><td class=''>13.08.2025<\/td><td class=''>Wasserrettung<\/td><td class=''>Ein Besorgter Zeuge l\u00f6ste ein Gro\u00dfeinsatz aus am Silbersee in Langenhagen aus, nachdem ein Mann nach dem Baden l\u00e4ngere zeit nicht zur\u00fcckgekehrt war. rund 70 Einsatzk\u00e4fte von Feuerwehr und DLRG suchten mit Booten, Tauchern, Drohnen und Hubschrauber nach dem vermissten. Aus Sievershausen waren ein Taucher und ein Signalmann im Einsatz. Gl\u00fccklicherweise konnte an der Mann wohlbehalten schlafend an einem Steg aufgefunden werden. <\/td><\/tr><tr class=''><td class=''>08.08.2025<\/td><td class=''>Feuer<\/td><td class=''><\/td><\/tr><tr class=''><td class=''>03.08.2025<\/td><td class=''>Wasserrettung<\/td><td class=''>Der Einsatz galt einem Storch, der offenbar verletzt war und seit etwa einem Tag an derselben Stelle im alten Kl\u00e4rbecken der Zuckerfabrik verweilte. Die Einsatzkr\u00e4fte begutachten die Situation vor Ort, um dem Tier Hilfe zukommen zu lassen.<br \/>\nAus Sievershausen nahmen ein Taucher und ein Signalmann am Einsatz teil.<\/td><\/tr><tr class=''><td class=''>21.07.2025<\/td><td class=''>Feuer<\/td><td class=''>Wir wurden zu einen Brand einer Laube im Wald in Immensen alarmiert. Unsere Aufgabe bestand in der Unterst\u00fctzung der Wasserversorgung und dem Aufbau eines Pendelverkehrs, um die Einsatzstelle mit L\u00f6schwasser zu versorgen. Durch das schnelle Eingreifen der Einsatzkr\u00e4fte konnte das Feuer z\u00fcgig unter Kontrolle gebracht werden. Eine Ausbreitung auf umliegende Vegetation konnte verhindert werden.<\/td><\/tr><tr class=''><td class=''>19.07.2025 <\/td><td class=''>Feuer<\/td><td class=''>Zu einem Schwellbrand auf dem Dach eines Anbau in Lehrte alarmiert. Zwei Kameraden aus Sievershausen wurden Alarmiert als teil der Absturzsicherung, doch der Einsatz konnte noch auf anfahrt abgebrochen werden, da kein Handlungsbedarf mehr bestand.<\/td><\/tr><tr class=''><td class=''>11.07.2025<\/td><td class=''>Wasserrettung <\/td><td class=''>Am Freitag wurde am Hastrasee in Langenhagen ein m\u00f6glicher Badeunfall gemeldet. Eine Passantin hatte beobachtet, wie eine Person im Wasser unterging; am Ufer wurde zudem herrenlose  Jacke gefunden. Rund 80 Einsatzkr\u00e4fte von Feuerwehr, Polizei und DLRG- Darunter auch die Tauchergruppe Lehrte- suchten mit Booten und einer Drohne de See ab, jedoch ohne Ergebnis. Die Suche musste bei Einbruch der Dunkelheit Abgebrochen werden. Aus Sievershausen war ein Taucher beteiligt.<\/td><\/tr><tr class=''><td class=''>08.07.2025<\/td><td class=''>Feuer<\/td><td class=''>In Ahlten Kam es zu einem Gro\u00dfbrand einer Laube. Aufgrund des umfangreichen Einsatzgeschehens wurde die Einsatzleitung vor Ort (ELO) zur Unterst\u00fctzung der Einsatzleitung alarmiert die von zwei Kameraden unserer Wehr unterst\u00fctz wurde. Gemeinsam mit \u00f6rtlichen Kr\u00e4ften trugen sie dazu bei, den Brand unter Kontrolle zu bringen und die Einsatzlage zu koordinieren. <\/td><\/tr><tr class=''><td class=''>24.06.2025<\/td><td class=''>Feuer<\/td><td class=''>Um 19 Uhr wurden wir zu einem vermeintlichen Mittelbrand in einer Werkstatt in Immensen alarmiert, der sich vor Ort als \u00dcbung herausstellte. Beteiligt waren neben unserer Feuerwehr auch die Wehren aus Immensen, Arpke, H\u00e4melerwald, die IUK-Einheit mit dem ELW 2, der Hygienezug sowie Stadtbrandmeister. trotz der \u00dcbungssituation arbeiten alle Kr\u00e4fte konzentriert und professionell wie im Einsatzfall. Von uns wurden Atemschutztrupps zur Menschenrettung und Trupps zur Wasserversorgung eingesetzt. H\u00e4melerwald unterst\u00fctze mit der Drehleiter, w\u00e4hrend die IUK-Einheit das Gel\u00e4nde mit einer Drohne \u00fcberflog.<\/td><\/tr><tr class=''><td class=''>21.06.2025<\/td><td class=''>Wasserrettung<\/td><td class=''>Am Samstag wurde wir zu einem Tauchereinsatz alarmiert. W\u00e4hrend der Anfahrt erfolgte der Alarmabbruch, da die Person bereits aus dem Wasser gerettet wurde. Im Einsatz aus der Ortsfeuerwehr Sievershausen befanden sich ein Taucher sowie ein  Signalmann.<\/td><\/tr><tr class=''><td class=''>13.06.2025<\/td><td class=''>ABC-Einsatz <\/td><td class=''>In Lehrte fand eine gro\u00df angelegte \u00dcbung eines ABC-Einsatzes in einer chemischen Fabrik statt, bei der ein simuliertes Leck von Salzs\u00e4ure und eine Verpuffung mit vier vermissten Personen  dargestellt wurden. Insgesamt waren 123 Einsatzkr\u00e4fte aus Lehrte und der Region Hannover-Ost beteiligt. Die \u00dcbung umfasste unter anderem Menschenrettung unter Chemikalienschutzanz\u00fcge, das Abdichten eines besch\u00e4digten Beh\u00e4lters sowie Ma\u00dfnahmen zur Umwelt. und Gefahrenabwehr. Ziel war es, den Sicheren Umgang mit chemischen Gefahrstoffe zu trainieren. Verletzt wurde bei der \u00dcbung niemand.<\/td><\/tr><tr class=''><td class=''>04.06.2025<\/td><td class=''>Technische Hilfeleistung<\/td><td class=''>In  der Nacht wurde wir zu einem unklaren Notfall alarmiert: Ein E-Call ohne Sprechkontakt war eingegangen. Das gemeldete Gebiet wurde weitr\u00e4umig abgesucht. Trotz intensiver Suche konnte wir keine Feststellung machen und r\u00fcckten ohne weiteren Ma\u00dfnahmen wieder ein.<\/p>\n<p>Weitere Einsatzkr\u00e4fte: H\u00e4melerwald, Polizei, Rettungsdienst<\/td><\/tr><tr class=''><td class=''>30.05.2025<\/td><td class=''>Feuer<\/td><td class=''>Zu einer Ausgel\u00f6sten Brandmeldeanlange im Gewerbegebiet wurden wir alarmiert. Die Erkundung ergab keine Erkenntnisse, somit wurde die Anlage zur\u00fcckgesetzt und den Eigent\u00fcmer \u00fcbergeben.<\/p>\n<p>Weitere Einsatzkr\u00e4fte: H\u00e4melerwald, Arpke, Lehrte, Polizei<\/td><\/tr><tr class=''><td class=''>29.05.2025<\/td><td class=''>Feuer<\/td><td class=''>In ein Objekt im Gewerbegebiet l\u00f6ste die Brandmeldeanlage aus. Die Erkundung ergab keine Ergebnisse. Im Anschluss wurde die Anlage zur\u00fcckgesetzt und den Eigent\u00fcmer \u00fcbergeben. <\/p>\n<p>Weitere Einsatzkr\u00e4fte: H\u00e4melerwald, Arpke, Polizei<\/td><\/tr><tr class=''><td class=''>25.05.2025<\/td><td class=''>Technische Hilfeleistung<\/td><td class=''>Wir wurden zu einen Verkehrsunfall zwischen Sievershausen und Schw\u00fcblingsen  alarmiert. Vor Ort sicherten wir die Einsatzstelle gegen den flie\u00dfenden Verkehr ab und stellten den Brandschutz sicher. Bis zum eintreffen des Rettungsdienst \u00fcbernahmen wir die Erstbetreuung der verletzen Personen und unterst\u00fctzen anschlie\u00dfend bei der patientengerechten Rettung aus dem Fahrzeug. Nach \u00dcbergabe an den Rettungsdienst f\u00fchrten wir das Batteriemangement am Unfallfahrzeug durch, um weitere Gefahren auszuschlie\u00dfen. <\/p>\n<p>Weitere Einsatzkr\u00e4fte: H\u00e4melerwald, Polizei, Rettungsdienst<\/td><\/tr><tr class=''><td class=''>16.05.2025<\/td><td class=''>Feuer<\/td><td class=''>An der Bahnstrecke in Arpke sind ca. 30 Quadratmeter  Gr\u00fcnfl\u00e4che in Brand geraten. Beim unseren eintreffen hatte Arpke das Feuer bereits abgel\u00f6scht und die Fl\u00e4che mittels Wasser benetzt. Es wurde die Umgebung weiter nach Glutnester kontrolliert, ein weiteres Eingreifen war nicht mehr erforderlich.<\/p>\n<p>Weitere Einsatzkr\u00e4fte: Arpke<\/td><\/tr><tr class=''><td class=''>30.04.2025<\/td><td class=''>Tierrettung<\/td><td class=''>Der Ortsbrandmeister wurden zu einem verletzen Hund alarmiert. Nach kurzer Erkundung wurde festgestellt, dass kein Einsatz f\u00fcr die Feuerwehr erforderlich war. Alarmierte Kr\u00e4fte brachen die Anfahrt zur Einsatzstelle ab.. <\/p>\n<p>Weitere Einsatzkr\u00e4fte:  Tierrettung  R\u00f6ddensen <\/td><\/tr><tr class=''><td class=''>26.04.2025<\/td><td class=''>Feuer<\/td><td class=''>Im Gewerbegebiet geriet ein PKW in Brand, das Feuer griff auf ein weiteres Fahrzeug \u00fcber. Das Feuer wurde mittels eines Trupps unter Atemschutz mit Wasser gel\u00f6scht. Durch die starke Hitze Entwicklung musste ein Abfallbeh\u00e4lter, in dem Batterien gelagert waren, gek\u00fchlt werden. Im Anschluss wurde die PKW mit Schaummittel abgedeckt.<\/p>\n<p>Weitere Einsatzkr\u00e4fte: Arpke, Polizei, AB-Hygiene<\/td><\/tr><tr class=''><td class=''>20.03.2025<\/td><td class=''>Feuer<\/td><td class=''>In ein Objekt eines  Logistikunternehmen l\u00f6ste die Brandmeldeanlage aus. Beim Eintreffen der ersten Kr\u00e4fte, berichtet Mitarbeiter das ein Sprinkler im Lager abgefahren wurde. Nach ausf\u00fchrlicher Erkundung der Lagerhalle best\u00e4tigte sich die Meldung der Mitarbeiter und es wurde kein Feuer festgestellt. Die Einsatzstelle wurde der Polizei \u00fcbergeben und wir r\u00fcckten wieder ein.<\/p>\n<p>Weitere Einsatzkr\u00e4fte: H\u00e4melerwald, Arpke, Polizei<\/td><\/tr><tr class=''><td class=''>06.03.2025<\/td><td class=''>Feuer<\/td><td class=''>Am fr\u00fchen morgen wurden wir zu einem Zimmerbrand gerufen. Nach Erkundung der Lage, wurden Trupps unter Atemschutz zur Brandbek\u00e4mpfung eingesetzt. Die Arbeiten wurden durch erhebliche Mengen an Unrat im Geb\u00e4ude erschwert, so das die Trupps nur sehr m\u00fchsam ins Geb\u00e4ude vordringen konnten. In den Mittagstunden konnte dann Feuer aus gemeldet werden und wir r\u00fcckten wieder ein und \u00fcbergaben die Einsatzstelle der Polizei.<\/p>\n<p>Weitere Einsatzkr\u00e4fte:  Arpke, H\u00e4melerwald, Lehrte, Kolshorn, Ahlten, Polizei und Rettungsdienst<\/td><\/tr><tr class=''><td class=''>15.02.2025<\/td><td class=''>Technische Hilfeleistung<\/td><td class=''>Alarmiert wurden wir ins Gewerbegebiet. Ein LKW-Fahrer klagte \u00fcber Schmerzen in den Beinen. Wir unterst\u00fctzen den Rettungsdienst dabei den Fahrer aus dem F\u00fchrerhaus zu tragen.<\/p>\n<p>Weitere Einsatzkr\u00e4fte: H\u00e4melerwald<\/td><\/tr><tr class=''><td class=''>14.02.2025<\/td><td class=''>Feuer<\/td><td class=''>Wir wurden zu einer Rauchentwicklung aus einen PKW gerufen. Vor eintreffen der ersten Kr\u00e4fte wurde das Feuer von Fahrer selber mittels Feuerl\u00f6scher gel\u00f6scht. Mit einer W\u00e4rmebildkamera kontrollierten wir den Motorraum, weitere Ma\u00dfnahmen waren nicht mehr erforderlich.<\/p>\n<p>Weiter Einsatzkr\u00e4fte: Arpke, Lehrte, Polizei<\/td><\/tr><tr class=''><td class=''>07.02.2025<\/td><td class=''>Feuer<\/td><td class=''>Die Leitstelle alarmierte uns zu einer ausgel\u00f6sten Sprinkleranlage ins Gewerbegebiet von Sievershausen.<br \/>\nUnsere Einsatzkr\u00e4fte kontrollierten die Lage gr\u00fcndlich, konnten jedoch keine Gefahr feststellen. Ein Techniker wurde verst\u00e4ndigt, um den Defekt zu beheben.<\/td><\/tr><tr class=''><td class=''>06.02.2025<\/td><td class=''>Feuer<\/td><td class=''> Wir wurden gemeinsam mit den Ortsfeuerwehren H\u00e4melerwald und Arpke zu einem brennenden LKW im Bereich Kattenriede alarmiert. Durch das schnelle und beherzte Eingreifen der Mitarbeiter vor Ort konnte das Feuer bereits vor unserem Eintreffen einged\u00e4mmt werden.<br \/>\nWir f\u00fchrten Nachl\u00f6scharbeiten durch, k\u00fchlten betroffene Bereiche und setzten Schaummittel ein, um eine Wiederentz\u00fcndung zu verhindern. Au\u00dferdem kontrollierten wir die angrenzende Industriehalle mit einer W\u00e4rmebildkamera \u2013 gl\u00fccklicherweise gab es hier keine weiteren Gefahren.<\/td><\/tr><tr class=''><td class=''>20.01.2025<\/td><td class=''>Technische Hilfeleistung<\/td><td class=''>Wir wurden zu einer hilflosen Person hinter einer  verschlossenen T\u00fcr alarmiert. Wir verschafften dem Rettungsdienst und der Polizei gewaltsamen Zugang zur Wohnung und r\u00fcckten wieder ein.<\/p>\n<p><\/td><\/tr><tr class=''><td class=''>13.01.2025<\/td><td class=''>Wasserrettung<\/td><td class=''>Die Tauchergruppe Lehrte wurde zu einem Einsatz am Mittellandkanal in Bilm alarmiert. Vor Ort musste eine Person aus dem Wasser geborgen werden.<br \/>\nAus Sievershausen waren 2 Taucher,<br \/>\n1 Bootsf\u00fchrer und<br \/>\n1 Signalmann im Einsatz.<\/td><\/tr><tr class=''><td class=''>12.01.2025<\/td><td class=''>Technische Hilfeleistung<\/td><td class=''>Wir wurden zu einer Person in Notlage alarmiert.<br \/>\nVor Ort \u00f6ffnete uns der Patient die T\u00fcr und wurde von uns bis zum eintreffen des Rettungsdienstes betreut.<br \/>\nVon unserer Seite waren keine weiteren Ma\u00dfnahmen zu treffen.<br \/>\nWeitere Einsatzkr\u00e4fte: Polizei, Rettungsdienst<\/td><\/tr><tr class=''><td class=''>11.01.2025<\/td><td class=''>Feuer<\/td><td class=''>Wir wurden nach Arpke gerufen,<br \/>\ndort hatte ein Rauchwarnmelder ausgel\u00f6st.<br \/>\nVor Ort lag ein Holzbrett auf einem Herd, da dieser eingeschaltet war, schmorte das Brett und sorgte f\u00fcr eine massive Rauchentwicklung.<br \/>\nNachdem der Herd ausgeschaltet war und das Brett entfernt wurde, bel\u00fcfteten wir die Wohnung.<br \/>\nAls die Wohnung rauchfrei war, r\u00fcckten wir wieder ein.<\/p>\n<p>Weitere Einsatzkr\u00e4fte:  Arpke, H\u00e4melerwald, Rettungsdienst, Polizei <\/td><\/tr><\/tbody><\/table><\/div>\n","protected":false},"excerpt":{"rendered":"","protected":false},"author":1,"featured_media":0,"parent":0,"menu_order":0,"comment_status":"closed","ping_status":"closed","template":"","meta":[],"_links":{"self":[{"href":"https:\/\/www.feuerwehr-sievershausen.de\/index.php?rest_route=\/wp\/v2\/pages\/208"}],"collection":[{"href":"https:\/\/www.feuerwehr-sievershausen.de\/index.php?rest_route=\/wp\/v2\/pages"}],"about":[{"href":"https:\/\/www.feuerwehr-sievershausen.de\/index.php?rest_route=\/wp\/v2\/types\/page"}],"author":[{"embeddable":true,"href":"https:\/\/www.feuerwehr-sievershausen.de\/index.php?rest_route=\/wp\/v2\/users\/1"}],"replies":[{"embeddable":true,"href":"https:\/\/www.feuerwehr-sievershausen.de\/index.php?rest_route=%2Fwp%2Fv2%2Fcomments&post=208"}],"version-history":[{"count":130,"href":"https:\/\/www.feuerwehr-sievershausen.de\/index.php?rest_route=\/wp\/v2\/pages\/208\/revisions"}],"predecessor-version":[{"id":1439,"href":"https:\/\/www.feuerwehr-sievershausen.de\/index.php?rest_route=\/wp\/v2\/pages\/208\/revisions\/1439"}],"wp:attachment":[{"href":"https:\/\/www.feuerwehr-sievershausen.de\/index.php?rest_route=%2Fwp%2Fv2%2Fmedia&parent=208"}],"curies":[{"name":"wp","href":"https:\/\/api.w.org\/{rel}","templated":true}]}}