{"id":168,"date":"2021-11-05T13:01:57","date_gmt":"2021-11-05T12:01:57","guid":{"rendered":"https:\/\/www.feuerwehr-sievershausen.de\/?page_id=168"},"modified":"2022-11-27T13:43:48","modified_gmt":"2022-11-27T12:43:48","slug":"ausstattung","status":"publish","type":"page","link":"https:\/\/www.feuerwehr-sievershausen.de\/?page_id=168","title":{"rendered":"Unser Fuhrpark"},"content":{"rendered":"<div id='fullscreen_slider_1'  class='avia-fullscreen-slider main_color   avia-builder-el-0  el_before_av_textblock  avia-builder-el-first   container_wrap fullsize'  ><div   data-size='no scaling'  data-lightbox_size='large'  data-animation='slide'  data-conditional_play=''  data-ids='54'  data-video_counter='0'  data-autoplay='false'  data-bg_slider='true'  data-slide_height='100'  data-handle='av_fullscreen'  data-interval='5'  data-class=' '  data-el_id=''  data-css_id='fullscreen_slider_1'  data-scroll_down=''  data-control_layout='av-control-hidden'  data-custom_markup=''  data-perma_caption=''  data-autoplay_stopper=''  data-image_attachment=''  data-min_height='0px'  data-lazy_loading='disabled'  data-stretch=''  data-img_scrset=''  class='avia-slideshow avia-slideshow-1  av-control-hidden av-default-height-applied avia-slideshow-no scaling av_fullscreen   avia-slide-slider '  itemprop=\"image\" itemscope=\"itemscope\" itemtype=\"https:\/\/schema.org\/ImageObject\" ><ul class='avia-slideshow-inner ' style='padding-bottom: 28.645833333333%;' ><li style='background-position:center center;' data-img-url='https:\/\/www.feuerwehr-sievershausen.de\/wp-content\/uploads\/2021\/09\/platzhalter-slider-startseite-2.jpg' class=' av-single-slide slide-1 ' ><div data-rel='slideshow-1' class='avia-slide-wrap '   ><div class = \"caption_fullwidth av-slideshow-caption caption_left\"><div class = \"container caption_container\"><div class = \"slideshow_caption\"><div class = \"slideshow_inner_caption\"><div class = \"slideshow_align_caption\"><h2  class='avia-caption-title  '  itemprop=\"name\" >Ausstattung<\/h2><\/div><\/div><\/div><\/div><\/div><\/div><\/li><\/ul><\/div><\/div><div id='after_full_slider_1'  class='main_color av_default_container_wrap container_wrap fullsize'  ><div class='container av-section-cont-open' ><div class='template-page content  av-content-full alpha units'><div class='post-entry post-entry-type-page post-entry-168'><div class='entry-content-wrapper clearfix'>\n<section class=\"av_textblock_section \"  itemscope=\"itemscope\" itemtype=\"https:\/\/schema.org\/CreativeWork\" ><div class='avia_textblock  '   itemprop=\"text\" ><h1>Ausstattung<\/h1>\n<\/div><\/section>\n<div  class='hr av-kw6dbbtg-1dbefb2908635b5c715d0d7f266cd5ef hr-default  avia-builder-el-2  el_after_av_textblock  el_before_av_one_half  '><span class='hr-inner '><span class=\"hr-inner-style\"><\/span><\/span><\/div>\n<section class=\"av_textblock_section \"  itemscope=\"itemscope\" itemtype=\"https:\/\/schema.org\/CreativeWork\" ><div class='avia_textblock  '   itemprop=\"text\" ><h3>Unser Fuhrpark<\/h3>\n<p><strong>LF 10\/6<\/strong><br \/>\nDas LF 10\/6 wurde am 26.11.2010 bei uns eingeweiht. Es ist ein ehemaliges Vorf\u00fchrfahrzeug von der Interschutz 2010.<\/p>\n<ul>\n<li>Aufbau Ziegler, Baujahr 2010 auf Mercedes-Benz Atego 1226F , 188kW, 256PS, 12.000 kg zul. gesamt Gewicht<\/li>\n<li>Funkrufname: Florian Ronne 44 &#8211; 21<\/li>\n<li>Besatzung: 1\/8<\/li>\n<li> Beladung:\n<ul>\n<li>Bosch Stromaggregat 5 kVA mit Zubeh\u00f6r<\/li>\n<li>Stihl Kettens\u00e4ge<\/li>\n<li>Mast Tauchpumpe TP 4<\/li>\n<li>Greif Mehrzweckzug<\/li>\n<li>60 l Schaumbildner<\/li>\n<li>14x B- \/ 13x C-Schlauch<\/li>\n<li>4 Atemschutzger\u00e4te, 4 Masken, 4 Ersatzflaschen<\/li>\n<\/ul>\n<\/ul>\n<p><strong>TLF 16\/25<\/strong><\/p>\n<ul>\n<li>Baujahr 1992, 12.000kg zul. gesamt Gewicht<\/li>\n<li>Funkrufname: Florian Ronne 44 &#8211; 11<\/li>\n<li>Besatzung: 1\/5<\/li>\n<\/ul>\n<p><strong>MTW<\/strong><\/p>\n<ul>\n<li>Mannschaftstransportwagen 1995 auf VW T4 Caravelle 2.4D, 57kW, 2.590kg zul gesamt Gewicht<\/li>\n<li>Funkrufname: Florian Ronne 44 &#8211; 61<\/li>\n<li>Tel. (im Einsatzfall): 01 73 \/ 15 48 87 2<\/li>\n<li>Besatzung: 1\/8<\/li>\n<\/ul>\n<\/div><\/section>\n<div  class='hr av-av_hr-91d7ccd583a503147498e120fee2ff9b hr-default '><span class='hr-inner '><span class=\"hr-inner-style\"><\/span><\/span><\/div>\n<section class=\"av_textblock_section \"  itemscope=\"itemscope\" itemtype=\"https:\/\/schema.org\/CreativeWork\" ><div class='avia_textblock  '   itemprop=\"text\" ><h3>Bekleidung<\/h3>\n<p><strong>Pers\u00f6nliche Schutzausr\u00fcstung<\/strong><br \/>\nAuf Grund der UVV (Unfallverh\u00fctungsvorschriften) der Feuerwehren ist die Pers\u00f6nliche Schutzausr\u00fcstung als Notwendigkeit festgelegt worden.<br \/>\nMit dieser sch\u00fctzt sich ein Feuerwehrangeh\u00f6riger vor den \u00e4u\u00dferen Gefahren einer Einsatzstelle.<\/p>\n<p>Der Grundschutz, der in jedem Einsatz getragen wird, besteht aus:<\/p>\n<ul>\n<li>Feuerwehr-Schutzanzug<\/li>\n<li>Feuerwehrhelm mit Nackenschutz<\/li>\n<li>Feuerwehr-Schutzhandschuhe<\/li>\n<li>Feuerwehrstiefel<\/li>\n<\/ul>\n<p>Dar\u00fcberhinaus gib es auch erweiterte Ausr\u00fcstungsgegenst\u00e4nde, zu denen u.a. folgende geh\u00f6ren:<\/p>\n<ul>\n<li>Feuerwehrhaltegurt (fr\u00fcher Feuerwehrsicherheitsgurt)<\/li>\n<li>Feuerwehraxt \/ Feuerwehrbeil<\/li>\n<li>Feuerwehrleinen<\/li>\n<li>Atemschutzger\u00e4t (mit entsprechender Atemschutzmaske)<\/li>\n<li>Flammschutzhaube<\/li>\n<li>Handsprechfunkger\u00e4t<\/li>\n<li>Tauchausr\u00fcstung<\/li>\n<\/ul>\n<p><strong>Dienstanzug<\/strong><br \/>\nDer Dienstanzug besteht aus einer Schirmm\u00fctze, einer schwarzen Diensthose mit den karmesinroten Biesen an den \u00e4u\u00dferen N\u00e4hten, einer dunkelblauen Dienstjacke, einem blauen Hemd, einer dunkelblauen Krawatte, dunkelblauen oder schwarzen Str\u00fcmpfen und schwarzen Halbschuhen.<br \/>\nFrauen k\u00f6nnen alternativ zur Diensthose und dem Hemd einen schwarzen Dienstrock und eine hellblaue Polobluse tragen.<\/p>\n<\/div><\/section>\n","protected":false},"excerpt":{"rendered":"","protected":false},"author":1,"featured_media":0,"parent":0,"menu_order":0,"comment_status":"closed","ping_status":"closed","template":"","meta":[],"_links":{"self":[{"href":"https:\/\/www.feuerwehr-sievershausen.de\/index.php?rest_route=\/wp\/v2\/pages\/168"}],"collection":[{"href":"https:\/\/www.feuerwehr-sievershausen.de\/index.php?rest_route=\/wp\/v2\/pages"}],"about":[{"href":"https:\/\/www.feuerwehr-sievershausen.de\/index.php?rest_route=\/wp\/v2\/types\/page"}],"author":[{"embeddable":true,"href":"https:\/\/www.feuerwehr-sievershausen.de\/index.php?rest_route=\/wp\/v2\/users\/1"}],"replies":[{"embeddable":true,"href":"https:\/\/www.feuerwehr-sievershausen.de\/index.php?rest_route=%2Fwp%2Fv2%2Fcomments&post=168"}],"version-history":[{"count":9,"href":"https:\/\/www.feuerwehr-sievershausen.de\/index.php?rest_route=\/wp\/v2\/pages\/168\/revisions"}],"predecessor-version":[{"id":428,"href":"https:\/\/www.feuerwehr-sievershausen.de\/index.php?rest_route=\/wp\/v2\/pages\/168\/revisions\/428"}],"wp:attachment":[{"href":"https:\/\/www.feuerwehr-sievershausen.de\/index.php?rest_route=%2Fwp%2Fv2%2Fmedia&parent=168"}],"curies":[{"name":"wp","href":"https:\/\/api.w.org\/{rel}","templated":true}]}}