{"id":167,"date":"2021-11-05T12:59:55","date_gmt":"2021-11-05T11:59:55","guid":{"rendered":"https:\/\/www.feuerwehr-sievershausen.de\/?page_id=167"},"modified":"2024-10-01T12:41:31","modified_gmt":"2024-10-01T10:41:31","slug":"wettkampfgruppe","status":"publish","type":"page","link":"https:\/\/www.feuerwehr-sievershausen.de\/?page_id=167","title":{"rendered":"Wettkampfgruppe"},"content":{"rendered":"<div id='fullscreen_slider_1'  class='avia-fullscreen-slider main_color   avia-builder-el-0  el_before_av_textblock  avia-builder-el-first   container_wrap fullsize'  ><div   data-size='no scaling'  data-lightbox_size='large'  data-animation='slide'  data-conditional_play=''  data-ids='286'  data-video_counter='0'  data-autoplay='false'  data-bg_slider='true'  data-slide_height='100'  data-handle='av_fullscreen'  data-interval='5'  data-class=' '  data-el_id=''  data-css_id='fullscreen_slider_1'  data-scroll_down=''  data-control_layout='av-control-hidden'  data-custom_markup=''  data-perma_caption=''  data-autoplay_stopper=''  data-image_attachment=''  data-min_height='0px'  data-lazy_loading='disabled'  data-stretch=''  data-img_scrset=''  class='avia-slideshow avia-slideshow-1  av-control-hidden av-default-height-applied avia-slideshow-no scaling av_fullscreen   avia-slide-slider '  itemprop=\"image\" itemscope=\"itemscope\" itemtype=\"https:\/\/schema.org\/ImageObject\" ><ul class='avia-slideshow-inner ' style='padding-bottom: 28.645833333333%;' ><li style='background-position:center center;' data-img-url='https:\/\/www.feuerwehr-sievershausen.de\/wp-content\/uploads\/2021\/11\/Header-FW-2.jpg' class=' av-single-slide slide-1 ' ><div data-rel='slideshow-1' class='avia-slide-wrap '   ><\/div><\/li><\/ul><\/div><\/div><div id='after_full_slider_1'  class='main_color av_default_container_wrap container_wrap fullsize'  ><div class='container av-section-cont-open' ><div class='template-page content  av-content-full alpha units'><div class='post-entry post-entry-type-page post-entry-167'><div class='entry-content-wrapper clearfix'>\n<section class=\"av_textblock_section \"  itemscope=\"itemscope\" itemtype=\"https:\/\/schema.org\/CreativeWork\" ><div class='avia_textblock  '   itemprop=\"text\" ><h1>Wettkampfgruppe<\/h1>\n<p>Seitdem es freiwillige Feuerwehren gibt, messen sich die einzelnen Wehren in einem sportlichen Wettstreit untereinander.<br \/>\nDie Wettkampfgruppe Sievershausen nimmt regelm\u00e4\u00dfig am Wettkampf des alten Unterkreises Lehrte teil.<\/p>\n<p>Dieser Unterkreis Lehrte ist zwar seit der Gebietsreform im Jahre 1974 pass\u00e8, doch die Tradition wird fortgef\u00fchrt, unter anderem in den j\u00e4hrlichen Wettk\u00e4mpfen der Feuerwehren, die dem Unterkreis angeh\u00f6rten.<br \/>\nInhalt der Wettk\u00e4mpfe ist die Durchf\u00fchrung eines L\u00f6schangriffs nach dem Grundsatz der Dreiteilung (Angriffstrupp, Schlauchtrupp, Wassertrupp) und am Ende schnellstm\u00f6glich und ohne Fehler drei aufgestellte Ziele von einem Podest abzuspritzen.<\/p>\n<p>Die Wettkampfgruppe besteht aus einen \u201eharten Kern\u201c von Kameraden, die teilweise schon seit 20 Jahren aktiv sind.<\/p>\n<p>Die j\u00e4hrlichen Wettbewerbe sind auch immer eine gute Gelegenheit Freundschaften mit den anderen Wehren zu schlie\u00dfen bzw. zu vertiefen.<\/p>\n<\/div><\/section>\n<div  class='hr av-av_hr-91d7ccd583a503147498e120fee2ff9b hr-default  avia-builder-el-2  el_after_av_textblock  el_before_av_textblock  '><span class='hr-inner '><span class=\"hr-inner-style\"><\/span><\/span><\/div>\n<section class=\"av_textblock_section \"  itemscope=\"itemscope\" itemtype=\"https:\/\/schema.org\/CreativeWork\" ><div class='avia_textblock  '   itemprop=\"text\" ><h3>Unsere gr\u00f6\u00dften Erfolge<\/h3>\n<ul>\n<li>1. Platz <\/br>Wettk\u00e4mpfe alter Unterkreis, 2000<\/li>\n<li>1. Platz <\/br>Wettk\u00e4mpfe alter Unterkreis, 2006<\/li>\n<li>1. Platz <\/br>Wettk\u00e4mpfe alter Unterkreis, 2015<\/li>\n<li>1. Platz <\/br>Wettk\u00e4mpfe alter Unterkreis, 2017<\/li>\n<li>1. Platz <\/br>Wettk\u00e4mpfe alter Unterkreis, 2019<\/li>\n<\/ul>\n<\/div><\/section>\n","protected":false},"excerpt":{"rendered":"","protected":false},"author":1,"featured_media":0,"parent":0,"menu_order":0,"comment_status":"closed","ping_status":"closed","template":"","meta":[],"_links":{"self":[{"href":"https:\/\/www.feuerwehr-sievershausen.de\/index.php?rest_route=\/wp\/v2\/pages\/167"}],"collection":[{"href":"https:\/\/www.feuerwehr-sievershausen.de\/index.php?rest_route=\/wp\/v2\/pages"}],"about":[{"href":"https:\/\/www.feuerwehr-sievershausen.de\/index.php?rest_route=\/wp\/v2\/types\/page"}],"author":[{"embeddable":true,"href":"https:\/\/www.feuerwehr-sievershausen.de\/index.php?rest_route=\/wp\/v2\/users\/1"}],"replies":[{"embeddable":true,"href":"https:\/\/www.feuerwehr-sievershausen.de\/index.php?rest_route=%2Fwp%2Fv2%2Fcomments&post=167"}],"version-history":[{"count":6,"href":"https:\/\/www.feuerwehr-sievershausen.de\/index.php?rest_route=\/wp\/v2\/pages\/167\/revisions"}],"predecessor-version":[{"id":500,"href":"https:\/\/www.feuerwehr-sievershausen.de\/index.php?rest_route=\/wp\/v2\/pages\/167\/revisions\/500"}],"wp:attachment":[{"href":"https:\/\/www.feuerwehr-sievershausen.de\/index.php?rest_route=%2Fwp%2Fv2%2Fmedia&parent=167"}],"curies":[{"name":"wp","href":"https:\/\/api.w.org\/{rel}","templated":true}]}}