{"id":166,"date":"2021-11-05T13:00:30","date_gmt":"2021-11-05T12:00:30","guid":{"rendered":"https:\/\/www.feuerwehr-sievershausen.de\/?page_id=166"},"modified":"2023-03-23T16:34:02","modified_gmt":"2023-03-23T15:34:02","slug":"taucher","status":"publish","type":"page","link":"https:\/\/www.feuerwehr-sievershausen.de\/?page_id=166","title":{"rendered":"Tauchergruppe"},"content":{"rendered":"<div id='fullscreen_slider_1'  class='avia-fullscreen-slider main_color   avia-builder-el-0  el_before_av_textblock  avia-builder-el-first   container_wrap fullsize'  ><div   data-size='no scaling'  data-lightbox_size='large'  data-animation='slide'  data-conditional_play=''  data-ids='284'  data-video_counter='0'  data-autoplay='false'  data-bg_slider='true'  data-slide_height='100'  data-handle='av_fullscreen'  data-interval='5'  data-class=' '  data-el_id=''  data-css_id='fullscreen_slider_1'  data-scroll_down=''  data-control_layout='av-control-hidden'  data-custom_markup=''  data-perma_caption=''  data-autoplay_stopper=''  data-image_attachment=''  data-min_height='0px'  data-lazy_loading='disabled'  data-stretch=''  data-img_scrset=''  class='avia-slideshow avia-slideshow-1  av-control-hidden av-default-height-applied avia-slideshow-no scaling av_fullscreen   avia-slide-slider '  itemprop=\"image\" itemscope=\"itemscope\" itemtype=\"https:\/\/schema.org\/ImageObject\" ><ul class='avia-slideshow-inner ' style='padding-bottom: 28.645833333333%;' ><li style='background-position:center center;' data-img-url='https:\/\/www.feuerwehr-sievershausen.de\/wp-content\/uploads\/2021\/11\/Header-Taucher.jpg' class=' av-single-slide slide-1 ' ><div data-rel='slideshow-1' class='avia-slide-wrap '   ><\/div><\/li><\/ul><\/div><\/div><div id='after_full_slider_1'  class='main_color av_default_container_wrap container_wrap fullsize'  ><div class='container av-section-cont-open' ><div class='template-page content  av-content-full alpha units'><div class='post-entry post-entry-type-page post-entry-166'><div class='entry-content-wrapper clearfix'>\n<section class=\"av_textblock_section \"  itemscope=\"itemscope\" itemtype=\"https:\/\/schema.org\/CreativeWork\" ><div class='avia_textblock  '   itemprop=\"text\" ><h1>Tauchergruppe<\/h1>\n<p>Die Tauchergruppe der Stadtfeuerwehr Lehrte ist eine Fachgruppe die sich aus Kr\u00e4ften aller Ortsfeuerwehren der Stadt Lehrte zusammensetzt.<br \/>\nDas hei\u00dft, aus jeder Ortsfeuerwehr der Stadt Lehrte kann ein jeder oder jede Feuerwehrmann\/frau sich zum Feuerwehrtaucher ausbilden lassen. Vorausgesetzt das 18. Lebensjahr ist vollendet, die Truppmann Ausbildung Teil 2 ist abgeschlossen, dass \u201eDeutsche Rettungsschwimmabzeichen in Silber\u201c ist absolviert und die k\u00f6rperliche Eignung wurde nach der berufsgenossenschaftlichen Untersuchung G31 festgestellt.<\/p>\n<p>Momentan besteht die Tauchergruppe Lehrte aus drei Feuerwehrlehrtauchern, zehn Feuerwehrtauchern Stufe 2, ein Feuerwehrtaucheranw\u00e4rtern (Feuerwehrtaucher\/in in der Ausbildung) und vier Bootsf\u00fchrern. Die Ortsfeuerwehr Sievershausen stellt hiervon ein Feuerwehrlehrtaucher, zwei ausgebildete Feuerwehrtaucher, zwei Bootsf\u00fchrer und ein Feuerwehrtaucher\/in Anw\u00e4rter.<\/p>\n<p>Die Tauchergruppe kommt immer dann zum Einsatz, wenn, wenn die jeweiligen Ortsfeuerwehren die Einsatzlage mit Ihrer \u201enormalen\u201c Ausr\u00fcstung nicht bew\u00e4ltigen k\u00f6nnen. Hierzu z\u00e4hlen unter anderem das Retten von Personen bei Badeunf\u00e4llen, Retten von Menschen und Tieren bei Eisunf\u00e4llen auf Gew\u00e4ssern, technische Hilfeleistung wie z.B. Bergen von Gegenst\u00e4nden (Autos, Bagger, Rohrleitungen, etc. ) aus Gew\u00e4ssern. Weiterhin kann die Tauchergruppe auch Amtshilfe f\u00fcr die Polizei leisten. Die Tauchergruppe der Stadtfeuerwehr Lehrte ist Jahreszeit unabh\u00e4ngig. Getaucht wird sowohl im Sommer als auch im Winter bei Eis und Schnee. Das Einsatzgebiet der Tauchergruppe Lehrte umfasst zus\u00e4tzlich zum Stadtgebiet Lehrte, die gesamte Region Hannover und Teile der angrenzenden Landkreise.<br \/>\nDie Aus- und Fortbildung werden von den Feuerwehrtaucher\/innen zus\u00e4tzlich zu den normalen Feuerwehrdienst in ihrem jeweiligen Ort erbracht.<\/p>\n<\/div><\/section>\n","protected":false},"excerpt":{"rendered":"","protected":false},"author":1,"featured_media":0,"parent":0,"menu_order":0,"comment_status":"closed","ping_status":"closed","template":"","meta":[],"_links":{"self":[{"href":"https:\/\/www.feuerwehr-sievershausen.de\/index.php?rest_route=\/wp\/v2\/pages\/166"}],"collection":[{"href":"https:\/\/www.feuerwehr-sievershausen.de\/index.php?rest_route=\/wp\/v2\/pages"}],"about":[{"href":"https:\/\/www.feuerwehr-sievershausen.de\/index.php?rest_route=\/wp\/v2\/types\/page"}],"author":[{"embeddable":true,"href":"https:\/\/www.feuerwehr-sievershausen.de\/index.php?rest_route=\/wp\/v2\/users\/1"}],"replies":[{"embeddable":true,"href":"https:\/\/www.feuerwehr-sievershausen.de\/index.php?rest_route=%2Fwp%2Fv2%2Fcomments&post=166"}],"version-history":[{"count":8,"href":"https:\/\/www.feuerwehr-sievershausen.de\/index.php?rest_route=\/wp\/v2\/pages\/166\/revisions"}],"predecessor-version":[{"id":695,"href":"https:\/\/www.feuerwehr-sievershausen.de\/index.php?rest_route=\/wp\/v2\/pages\/166\/revisions\/695"}],"wp:attachment":[{"href":"https:\/\/www.feuerwehr-sievershausen.de\/index.php?rest_route=%2Fwp%2Fv2%2Fmedia&parent=166"}],"curies":[{"name":"wp","href":"https:\/\/api.w.org\/{rel}","templated":true}]}}