{"id":163,"date":"2021-11-05T12:57:58","date_gmt":"2021-11-05T11:57:58","guid":{"rendered":"https:\/\/www.feuerwehr-sievershausen.de\/?page_id=163"},"modified":"2021-11-22T17:43:39","modified_gmt":"2021-11-22T16:43:39","slug":"unsere-geschichte","status":"publish","type":"page","link":"https:\/\/www.feuerwehr-sievershausen.de\/?page_id=163","title":{"rendered":"Unsere Geschichte"},"content":{"rendered":"<div id='fullscreen_slider_1'  class='avia-fullscreen-slider main_color   avia-builder-el-0  el_before_av_textblock  avia-builder-el-first   container_wrap fullsize'  ><div   data-size='no scaling'  data-lightbox_size='large'  data-animation='slide'  data-conditional_play=''  data-ids='286'  data-video_counter='0'  data-autoplay='false'  data-bg_slider='true'  data-slide_height='100'  data-handle='av_fullscreen'  data-interval='5'  data-class=' '  data-el_id=''  data-css_id='fullscreen_slider_1'  data-scroll_down=''  data-control_layout='av-control-hidden'  data-custom_markup=''  data-perma_caption=''  data-autoplay_stopper=''  data-image_attachment=''  data-min_height='0px'  data-lazy_loading='disabled'  data-stretch=''  data-img_scrset=''  class='avia-slideshow avia-slideshow-1  av-control-hidden av-default-height-applied avia-slideshow-no scaling av_fullscreen   avia-slide-slider '  itemprop=\"image\" itemscope=\"itemscope\" itemtype=\"https:\/\/schema.org\/ImageObject\" ><ul class='avia-slideshow-inner ' style='padding-bottom: 28.645833333333%;' ><li style='background-position:center center;' data-img-url='https:\/\/www.feuerwehr-sievershausen.de\/wp-content\/uploads\/2021\/11\/Header-FW-2.jpg' class=' av-single-slide slide-1 ' ><div data-rel='slideshow-1' class='avia-slide-wrap '   ><\/div><\/li><\/ul><\/div><\/div><div id='after_full_slider_1'  class='main_color av_default_container_wrap container_wrap fullsize'  ><div class='container av-section-cont-open' ><div class='template-page content  av-content-full alpha units'><div class='post-entry post-entry-type-page post-entry-163'><div class='entry-content-wrapper clearfix'>\n<section class=\"av_textblock_section \"  itemscope=\"itemscope\" itemtype=\"https:\/\/schema.org\/CreativeWork\" ><div class='avia_textblock  '   itemprop=\"text\" ><h1>Geschichte<\/h1>\n<p>Vor der Gr\u00fcndung der Freiwilligen Feuerwehr Sievershausen existierte bereits ein Spritzenverband aus Sievershausen, Ambostel und R\u00f6ddenserbusch,<br \/>\nwelches aus einer alten Urkunde des Jahres 1903 zu ersehen ist. Eine weitere Urkunde berichtet, das schon 1877 eine fahrbare Handdruckspritze vorhanden war.<br \/>\nDer Spritzenverband wurde als Pflichtfeuerwehr gef\u00fchrt. Eine Alarmierung erfolgte zu dieser Zeit durch Hornisten (Hornbl\u00e4ser) und L\u00e4uten der Kirchenglocken.<\/p>\n<p>Gegr\u00fcndet wurde unsere Feuerwehr, im Gegensatz zu anderen umliegenden Orten erst sehr sp\u00e4t.<br \/>\nDie Gr\u00fcndung erfolgte am 06. Mai 1927 in der Gastwirtschaft Fischer up`n Brinke.<br \/>\nBei der Gr\u00fcndungsversammlung meldeten sich vorl\u00e4ufig sechzig M\u00e4nner f\u00fcr die Freiwillige Feuerwehr. Als erster Wehrf\u00fchrer wurde der Kaufmann Heinrich Witter gew\u00e4hlt.<\/p>\n<p>Bei der Gebietsreform 1974 , kamen wir zur Stadtfeuerwehr Lehrte und nennen uns seitdem Ortsfeuerwehr.<\/p>\n<p>Seit M\u00e4rz 2021 sind wir eine St\u00fctzpunktfeuerwehr, die f\u00fcr ca. 2.500 Sieversh\u00e4user B\u00fcrgerinnen und B\u00fcrger und einer gro\u00dfen Anzahl von Gewerbebetrieben zust\u00e4ndig ist.<\/p>\n<\/div><\/section>\n","protected":false},"excerpt":{"rendered":"","protected":false},"author":1,"featured_media":0,"parent":0,"menu_order":0,"comment_status":"closed","ping_status":"closed","template":"","meta":[],"_links":{"self":[{"href":"https:\/\/www.feuerwehr-sievershausen.de\/index.php?rest_route=\/wp\/v2\/pages\/163"}],"collection":[{"href":"https:\/\/www.feuerwehr-sievershausen.de\/index.php?rest_route=\/wp\/v2\/pages"}],"about":[{"href":"https:\/\/www.feuerwehr-sievershausen.de\/index.php?rest_route=\/wp\/v2\/types\/page"}],"author":[{"embeddable":true,"href":"https:\/\/www.feuerwehr-sievershausen.de\/index.php?rest_route=\/wp\/v2\/users\/1"}],"replies":[{"embeddable":true,"href":"https:\/\/www.feuerwehr-sievershausen.de\/index.php?rest_route=%2Fwp%2Fv2%2Fcomments&post=163"}],"version-history":[{"count":5,"href":"https:\/\/www.feuerwehr-sievershausen.de\/index.php?rest_route=\/wp\/v2\/pages\/163\/revisions"}],"predecessor-version":[{"id":426,"href":"https:\/\/www.feuerwehr-sievershausen.de\/index.php?rest_route=\/wp\/v2\/pages\/163\/revisions\/426"}],"wp:attachment":[{"href":"https:\/\/www.feuerwehr-sievershausen.de\/index.php?rest_route=%2Fwp%2Fv2%2Fmedia&parent=163"}],"curies":[{"name":"wp","href":"https:\/\/api.w.org\/{rel}","templated":true}]}}