{"id":132,"date":"2021-10-12T15:06:47","date_gmt":"2021-10-12T13:06:47","guid":{"rendered":"https:\/\/www.feuerwehr-sievershausen.de\/?page_id=132"},"modified":"2024-06-20T21:03:31","modified_gmt":"2024-06-20T19:03:31","slug":"jugendfeuerwehr","status":"publish","type":"page","link":"https:\/\/www.feuerwehr-sievershausen.de\/?page_id=132","title":{"rendered":"Jugendfeuerwehr"},"content":{"rendered":"<div id='fullscreen_slider_1'  class='avia-fullscreen-slider main_color   avia-builder-el-0  el_before_av_textblock  avia-builder-el-first   container_wrap fullsize'  ><div   data-size='no scaling'  data-lightbox_size='large'  data-animation='slide'  data-conditional_play=''  data-ids='286'  data-video_counter='0'  data-autoplay='false'  data-bg_slider='true'  data-slide_height='100'  data-handle='av_fullscreen'  data-interval='5'  data-class=' '  data-el_id=''  data-css_id='fullscreen_slider_1'  data-scroll_down=''  data-control_layout='av-control-hidden'  data-custom_markup=''  data-perma_caption=''  data-autoplay_stopper=''  data-image_attachment=''  data-min_height='0px'  data-lazy_loading='disabled'  data-stretch=''  data-img_scrset=''  class='avia-slideshow avia-slideshow-1  av-control-hidden av-default-height-applied avia-slideshow-no scaling av_fullscreen   avia-slide-slider '  itemprop=\"image\" itemscope=\"itemscope\" itemtype=\"https:\/\/schema.org\/ImageObject\" ><ul class='avia-slideshow-inner ' style='padding-bottom: 28.645833333333%;' ><li style='background-position:center center;' data-img-url='https:\/\/www.feuerwehr-sievershausen.de\/wp-content\/uploads\/2021\/11\/Header-FW-2.jpg' class=' av-single-slide slide-1 ' ><div data-rel='slideshow-1' class='avia-slide-wrap '   ><\/div><\/li><\/ul><\/div><\/div><div id='after_full_slider_1'  class='main_color av_default_container_wrap container_wrap fullsize'  ><div class='container av-section-cont-open' ><div class='template-page content  av-content-full alpha units'><div class='post-entry post-entry-type-page post-entry-132'><div class='entry-content-wrapper clearfix'>\n<section class=\"av_textblock_section \"  itemscope=\"itemscope\" itemtype=\"https:\/\/schema.org\/CreativeWork\" ><div class='avia_textblock  '   itemprop=\"text\" ><h1>Die Jugendfeuerwehr Sievershausen<\/h1>\n<\/div><\/section>\n<section class=\"av_textblock_section \"  itemscope=\"itemscope\" itemtype=\"https:\/\/schema.org\/CreativeWork\" ><div class='avia_textblock  '   itemprop=\"text\" ><p>Die Jugendfeuerwehr Sievershausen wurde am 16.7.1969 unter der Leitung von Wolfgang Sch\u00fctze gegr\u00fcndet.<br \/>\nSie ist die zweit\u00e4lteste Jugendfeuerwehr in der Stadt Lehrte. Bereits 1970 nahm sie am Kreisjugendfeuerwehr-Zeltlager des Kreises Burgdorf teil, f\u00fcr welches die Jugendlichen einen Wimpel n\u00e4hten. Dieser Wimpel begleitete die Jugendfeuerwehr zu vielen Veranstaltungen, wie Zeltlager, Orientierungsm\u00e4rschen, Wettk\u00e4mpfen und vielem mehr.<br \/>\nAm 31.8.2019 erhielt die Jugendfeuerwehr, unter der damaligen Leitung von Patrick Benk, im Rahmen einer Feier zum 50 j\u00e4hrigen Jubil\u00e4um, einen neuen Wimpel.<\/p>\n<p>Seit 1969 wurden in \u00fcber 5400 Stunden an 2700 Diensten, neue Kameraden f\u00fcr den Aktiven Wehrdienst begeistert und ausgebildet. Ca. 80% der aktiven Feuerwehrkameraden und Kameradinnen haben ihren Werdegang in der Jugendfeuerwehr begonnen.<\/p>\n<p>Wir, die Jugendfeuerwehr, sind nicht nur ein einfacher Verein, wo man ein normales Hobby aus\u00fcbt \u2026 bei uns gibt es so viel Abwechslung wie nirgends anders. Kameradschaft und Spa\u00df steht bei uns an oberster Stelle und davon gibt es reichlich viel. Jede Woche denkt sich einer unserer Ausbilder neue spannende Dienste und Spiele aus bei denen wir lernen mit den Ger\u00e4tschaften der Feuerwehr umzugehen und sp\u00e4ter Menschen in Not zu Helfen und ein echter Held zu sein. Regelm\u00e4\u00dfig nehmen wir an Wettk\u00e4mpfen im Stadtgebiet teil, wo wir gegen die anderen Jugendfeuerwehren der Stadt Lehrte antreten und unser K\u00f6nnen beweisen. Neben zahlreichen Spannenden Ausfl\u00fcgen, fahren wir einmal im Jahr nach Kiel und veranstalten dort ein spannendes Zeltlager.<\/p>\n<p>Bist du cool genug f\u00fcr ein hei\u00dfes Hobby? Dann komm vorbei und mach mit, wir freuen uns auf dich! Wir treffen uns jeden Dienstag von 17:00-19:00 Uhr zum Dienst.<\/p>\n<\/div><\/section>\n<div class='flex_column av-1ryk5-b8659234cbd84c9ad7459186f5c71711 av_one_half  avia-builder-el-3  el_after_av_textblock  el_before_av_one_half  first flex_column_div column-top-margin'   ><p><section  class='avia-team-member   avia-builder-el-4  el_before_av_team_member  avia-builder-el-first '  itemscope=\"itemscope\" itemtype=\"https:\/\/schema.org\/Person\" ><div class='team-img-container'><img width=\"200\" height=\"200\" class='wp-image-355 avia-img-lazy-loading-not-355 avia_image avia_image_team av-team-img-original' src=\"https:\/\/www.feuerwehr-sievershausen.de\/wp-content\/uploads\/2021\/11\/Lennart.jpg\" alt='Lennart Herrmann'  itemprop=\"image\" srcset=\"https:\/\/www.feuerwehr-sievershausen.de\/wp-content\/uploads\/2021\/11\/Lennart.jpg 200w, https:\/\/www.feuerwehr-sievershausen.de\/wp-content\/uploads\/2021\/11\/Lennart-80x80.jpg 80w, https:\/\/www.feuerwehr-sievershausen.de\/wp-content\/uploads\/2021\/11\/Lennart-36x36.jpg 36w, https:\/\/www.feuerwehr-sievershausen.de\/wp-content\/uploads\/2021\/11\/Lennart-180x180.jpg 180w\" sizes=\"(max-width: 200px) 100vw, 200px\" \/><\/div><h3 class='team-member-name'    itemprop=\"name\" >Lennart Herrmann<\/h3><div class='team-member-job-title '   itemprop=\"jobTitle\" >Jugendfeuerwehrwart<\/div><span class='hidden team-member-affiliation'  itemprop=\"affiliation\" >\u00a0Freiwillige Feuerwehr Sievershausen<\/span><\/section><br \/>\n<section  class='avia-team-member   avia-builder-el-5  el_after_av_team_member  el_before_av_team_member '  itemscope=\"itemscope\" itemtype=\"https:\/\/schema.org\/Person\" ><div class='team-img-container'><img width=\"204\" height=\"200\" class='wp-image-991 avia-img-lazy-loading-not-991 avia_image avia_image_team av-team-img-original' src=\"https:\/\/www.feuerwehr-sievershausen.de\/wp-content\/uploads\/2024\/06\/200_200_Lina.jpg\" alt='Lina Brandes'  itemprop=\"image\" srcset=\"https:\/\/www.feuerwehr-sievershausen.de\/wp-content\/uploads\/2024\/06\/200_200_Lina.jpg 204w, https:\/\/www.feuerwehr-sievershausen.de\/wp-content\/uploads\/2024\/06\/200_200_Lina-36x36.jpg 36w\" sizes=\"(max-width: 204px) 100vw, 204px\" \/><\/div><h3 class='team-member-name'    itemprop=\"name\" >Lina Brandes<\/h3><div class='team-member-job-title '   itemprop=\"jobTitle\" >Betreuerin<\/div><span class='hidden team-member-affiliation'  itemprop=\"affiliation\" >\u00a0Freiwillige Feuerwehr Sievershausen<\/span><\/section><br \/>\n<section  class='avia-team-member   avia-builder-el-6  el_after_av_team_member  avia-builder-el-last '  itemscope=\"itemscope\" itemtype=\"https:\/\/schema.org\/Person\" ><div class='team-img-container'><img width=\"185\" height=\"200\" class='wp-image-992 avia-img-lazy-loading-not-992 avia_image avia_image_team av-team-img-original' src=\"https:\/\/www.feuerwehr-sievershausen.de\/wp-content\/uploads\/2024\/06\/200_200_Marten.jpg\" alt='Marten Gebhardt'  itemprop=\"image\"  \/><\/div><h3 class='team-member-name'    itemprop=\"name\" >Marten Gebhardt<\/h3><div class='team-member-job-title '   itemprop=\"jobTitle\" >Betreuer<\/div><span class='hidden team-member-affiliation'  itemprop=\"affiliation\" >\u00a0Freiwillige Feuerwehr Sievershausen<\/span><\/section><\/p><\/div><div class='flex_column av-ah4h9-14bf59fbaf6ae10a04439d7fde9080c1 av_one_half  avia-builder-el-7  el_after_av_one_half  avia-builder-el-last  flex_column_div column-top-margin'   ><p><section  class='avia-team-member   avia-builder-el-8  el_before_av_team_member  avia-builder-el-first '  itemscope=\"itemscope\" itemtype=\"https:\/\/schema.org\/Person\" ><div class='team-img-container'><img width=\"200\" height=\"200\" class='wp-image-359 avia-img-lazy-loading-not-359 avia_image avia_image_team av-team-img-original' src=\"https:\/\/www.feuerwehr-sievershausen.de\/wp-content\/uploads\/2021\/11\/Sebastian.jpg\" alt='Sebastian Feist'  itemprop=\"image\" srcset=\"https:\/\/www.feuerwehr-sievershausen.de\/wp-content\/uploads\/2021\/11\/Sebastian.jpg 200w, https:\/\/www.feuerwehr-sievershausen.de\/wp-content\/uploads\/2021\/11\/Sebastian-80x80.jpg 80w, https:\/\/www.feuerwehr-sievershausen.de\/wp-content\/uploads\/2021\/11\/Sebastian-36x36.jpg 36w, https:\/\/www.feuerwehr-sievershausen.de\/wp-content\/uploads\/2021\/11\/Sebastian-180x180.jpg 180w\" sizes=\"(max-width: 200px) 100vw, 200px\" \/><\/div><h3 class='team-member-name'    itemprop=\"name\" >Sebastian Feist<\/h3><div class='team-member-job-title '   itemprop=\"jobTitle\" >Stellv. Jugendfeuerwehrwart<\/div><span class='hidden team-member-affiliation'  itemprop=\"affiliation\" >\u00a0Freiwillige Feuerwehr Sievershausen<\/span><\/section><br \/>\n<section  class='avia-team-member   avia-builder-el-9  el_after_av_team_member  el_before_av_team_member '  itemscope=\"itemscope\" itemtype=\"https:\/\/schema.org\/Person\" ><div class='team-img-container'><img width=\"200\" height=\"200\" class='wp-image-360 avia-img-lazy-loading-not-360 avia_image avia_image_team av-team-img-original' src=\"https:\/\/www.feuerwehr-sievershausen.de\/wp-content\/uploads\/2021\/11\/Adrian.jpg\" alt='Adrian Schindler'  itemprop=\"image\" srcset=\"https:\/\/www.feuerwehr-sievershausen.de\/wp-content\/uploads\/2021\/11\/Adrian.jpg 200w, https:\/\/www.feuerwehr-sievershausen.de\/wp-content\/uploads\/2021\/11\/Adrian-80x80.jpg 80w, https:\/\/www.feuerwehr-sievershausen.de\/wp-content\/uploads\/2021\/11\/Adrian-36x36.jpg 36w, https:\/\/www.feuerwehr-sievershausen.de\/wp-content\/uploads\/2021\/11\/Adrian-180x180.jpg 180w\" sizes=\"(max-width: 200px) 100vw, 200px\" \/><\/div><h3 class='team-member-name'    itemprop=\"name\" >Adrian Schindler<\/h3><div class='team-member-job-title '   itemprop=\"jobTitle\" >Betreuer<\/div><span class='hidden team-member-affiliation'  itemprop=\"affiliation\" >\u00a0Freiwillige Feuerwehr Sievershausen<\/span><\/section><br \/>\n<section  class='avia-team-member   avia-builder-el-10  el_after_av_team_member  avia-builder-el-last '  itemscope=\"itemscope\" itemtype=\"https:\/\/schema.org\/Person\" ><div class='team-img-container'><img width=\"188\" height=\"200\" class='wp-image-994 avia-img-lazy-loading-not-994 avia_image avia_image_team av-team-img-original' src=\"https:\/\/www.feuerwehr-sievershausen.de\/wp-content\/uploads\/2024\/06\/200_200_Justin.jpg\" alt='Justin Klamt'  itemprop=\"image\"  \/><\/div><h3 class='team-member-name'    itemprop=\"name\" >Justin Klamt<\/h3><div class='team-member-job-title '   itemprop=\"jobTitle\" >Betreuer<\/div><span class='hidden team-member-affiliation'  itemprop=\"affiliation\" >\u00a0Freiwillige Feuerwehr Sievershausen<\/span><\/section><\/p><\/div><\/p>\n","protected":false},"excerpt":{"rendered":"","protected":false},"author":1,"featured_media":0,"parent":0,"menu_order":0,"comment_status":"closed","ping_status":"closed","template":"","meta":[],"_links":{"self":[{"href":"https:\/\/www.feuerwehr-sievershausen.de\/index.php?rest_route=\/wp\/v2\/pages\/132"}],"collection":[{"href":"https:\/\/www.feuerwehr-sievershausen.de\/index.php?rest_route=\/wp\/v2\/pages"}],"about":[{"href":"https:\/\/www.feuerwehr-sievershausen.de\/index.php?rest_route=\/wp\/v2\/types\/page"}],"author":[{"embeddable":true,"href":"https:\/\/www.feuerwehr-sievershausen.de\/index.php?rest_route=\/wp\/v2\/users\/1"}],"replies":[{"embeddable":true,"href":"https:\/\/www.feuerwehr-sievershausen.de\/index.php?rest_route=%2Fwp%2Fv2%2Fcomments&post=132"}],"version-history":[{"count":15,"href":"https:\/\/www.feuerwehr-sievershausen.de\/index.php?rest_route=\/wp\/v2\/pages\/132\/revisions"}],"predecessor-version":[{"id":995,"href":"https:\/\/www.feuerwehr-sievershausen.de\/index.php?rest_route=\/wp\/v2\/pages\/132\/revisions\/995"}],"wp:attachment":[{"href":"https:\/\/www.feuerwehr-sievershausen.de\/index.php?rest_route=%2Fwp%2Fv2%2Fmedia&parent=132"}],"curies":[{"name":"wp","href":"https:\/\/api.w.org\/{rel}","templated":true}]}}