{"id":1188,"date":"2025-03-14T16:40:06","date_gmt":"2025-03-14T15:40:06","guid":{"rendered":"https:\/\/www.feuerwehr-sievershausen.de\/?page_id=1188"},"modified":"2025-03-14T16:40:06","modified_gmt":"2025-03-14T15:40:06","slug":"einsaetze-2024","status":"publish","type":"page","link":"https:\/\/www.feuerwehr-sievershausen.de\/?page_id=1188","title":{"rendered":"Eins\u00e4tze 2024"},"content":{"rendered":"<div id='fullscreen_slider_1'  class='avia-fullscreen-slider main_color   avia-builder-el-0  el_before_av_textblock  avia-builder-el-first   container_wrap fullsize'  ><div   data-size='no scaling'  data-lightbox_size='large'  data-animation='slide'  data-conditional_play=''  data-ids='286'  data-video_counter='0'  data-autoplay='false'  data-bg_slider='true'  data-slide_height='100'  data-handle='av_fullscreen'  data-interval='5'  data-class=' '  data-el_id=''  data-css_id='fullscreen_slider_1'  data-scroll_down=''  data-control_layout='av-control-hidden'  data-custom_markup=''  data-perma_caption=''  data-autoplay_stopper=''  data-image_attachment=''  data-min_height='0px'  data-lazy_loading='disabled'  data-stretch=''  data-img_scrset=''  class='avia-slideshow avia-slideshow-1  av-control-hidden av-default-height-applied avia-slideshow-no scaling av_fullscreen   avia-slide-slider '  itemprop=\"image\" itemscope=\"itemscope\" itemtype=\"https:\/\/schema.org\/ImageObject\" ><ul class='avia-slideshow-inner ' style='padding-bottom: 28.645833333333%;' ><li style='background-position:center center;' data-img-url='https:\/\/www.feuerwehr-sievershausen.de\/wp-content\/uploads\/2021\/11\/Header-FW-2.jpg' class=' av-single-slide slide-1 ' ><div data-rel='slideshow-1' class='avia-slide-wrap '   ><\/div><\/li><\/ul><\/div><\/div><div id='after_full_slider_1'  class='main_color av_default_container_wrap container_wrap fullsize'  ><div class='container av-section-cont-open' ><div class='template-page content  av-content-full alpha units'><div class='post-entry post-entry-type-page post-entry-1188'><div class='entry-content-wrapper clearfix'>\n<section class=\"av_textblock_section \"  itemscope=\"itemscope\" itemtype=\"https:\/\/schema.org\/CreativeWork\" ><div class='avia_textblock  '   itemprop=\"text\" ><h1>Eins\u00e4tze 2024<\/h1>\n<\/div><\/section>\n<div class='avia-data-table-wrap av-28aghk-efa2776a22188106899d8b2ed21e11a8 avia_responsive_table avia-table-1 '><table  class='avia-table avia-data-table avia_pricing_default  avia-builder-el-2  el_after_av_textblock  avia-builder-el-last '  itemscope=\"itemscope\" itemtype=\"https:\/\/schema.org\/Table\" ><tbody><tr class=''><td class=''>01.12.2024<\/td><td class=''>Technische Hilfeleistung<\/td><td class=''>Wir wurden zu einer Hilflosenperson alarmiert. Da die Polizei bereits Vorort war, verschafften wir ihnen den Zugang zur Wohnung.<br \/>\nWir \u00fcbergaben die Einsatzstelle der Polizei und dem Rettungsdienst und r\u00fcckten wieder ein.<\/td><\/tr><tr class=''><td class=''>20.10.2024<\/td><td class=''>Technischen Hilfeleistung<\/td><td class=''>Am Abend um 19:06 Uhr wurden wir erneut zu einer Person in Notlage alarmiert. Unser  MTW r\u00fcckte aus, um die Feuerwehr H\u00e4melerwald bei der Suche nach einer Person in einem Waldst\u00fcck zu unterst\u00fctzen.<br \/>\nGemeinsam mit W\u00e4rmebildkamera, Drohne und Unterst\u00fctzung einer Hundestaffel wurde stundenlang gesucht, leider blieb die Suche erfolglos sodass der Einsatz f\u00fcr uns gegen 22:15 beendet war.<\/td><\/tr><tr class=''><td class=''>20.10.2024<\/td><td class=''>Technische Hilfeleistung<\/td><td class=''>Wir wurden zu einer Person in Notlage alarmiert.<br \/>\nVor Ort \u00f6ffnete uns die betroffene Person pers\u00f6nlich die T\u00fcr.<br \/>\nEine Freundin hatte sich Sorgen gemacht und die Feuerwehr gerufen.<\/td><\/tr><tr class=''><td class=''>09.10.2024<\/td><td class=''>Wasserrettung<\/td><td class=''>Die Tauchergruppe Lehrte nach Seelze alarmiert.<br \/>\nDort befand sich eine Person im Wasser. Noch auf Anfahrt konnte diese abgebrochen werden, da die Person von den erst eintreffenden Retttungskr\u00e4ften aus dem Wasser gerettet wurde.<br \/>\nVon uns war 1 Taucher und 1 Bootsf\u00fchrer im Einsatz!<\/td><\/tr><tr class=''><td class=''>08.07.2024<\/td><td class=''>ABC-Einsatz<\/td><td class=''>Um 15;54 Uhr alarmierte uns die Leitstelle erneut zu einem Gefahrguteinsatz.<br \/>\nAuf einem Rasthof an der A2 sollte ein Gefahrstoff aus einem Lkw auslaufen.<br \/>\nNach erkunden der Lage entschied die Einsatzleitung in Absprache mit der Unteren Wasserbeh\u00f6rde, dass der LKW auf direktem Weg zu einem nahegelegenden Abfallentsorger fahren sollte und der Stoff dort entsorgt werden sollte!<br \/>\nDer bereits ausgetretene Gefahrstoff wurde mit Chemikalienbinder aufgenommen und der Bereich abgesperrt. Die Einsatzstelle wurde dann an die Autobahnmeisterei \u00fcbergeben.  Nach 2 Stunden konnten wir wieder einr\u00fccken.<\/td><\/tr><tr class=''><td class=''>07.10.2024<\/td><td class=''>ABC-Einsatz<\/td><td class=''>Um 9;05 Uhr alarmierte uns die Leitstelle zu einem LKW Unfall auf die A2.<br \/>\nVor Ort sollte aus einem verunfallten LKW ein Gefahrstoff auslaufen &#8211; die Ortsfeuerwehr Lehrte hatte die Lage bereits im Griff, sodass der ABC Zug nicht zum Einsatz kommen musste<\/td><\/tr><tr class=''><td class=''>02.10.2024<\/td><td class=''>Technische Hilfeleistung<\/td><td class=''>Um 5:26 Uhr wurden wir zu einem Verkehrsunfall zwischen Sievershausen und Oelerse gerufen.<br \/>\nDie Person konnte sich selbst befreien und wurde bereits von den Kameraden der Ortsfeuerwehren Oelerse und Abbensen betreut, sodass wir nicht t\u00e4tig werden mussten.<br \/>\nMit uns alarmiert waren die Ortsfeuerwehren Oelerse, Abbensen und H\u00e4melerwald, die Polizei und der Rettungsdienst!<\/td><\/tr><tr class=''><td class=''>27.09.2024<\/td><td class=''>Feuer<\/td><td class=''>Wir wurden nach Arpke gerufen, dort wurde in ein Mehrfamilienhaus ein ausgel\u00f6ster Rauchwarnmelder gemeldet. Nach gr\u00fcndlicher Erkundung konnte kein Feuer festgestellt werden. Ein Tiefk\u00fchlschrank stand offen und hat das Piepen verursacht. <\/td><\/tr><tr class=''><td class=''>30.08.2024<\/td><td class=''>Feuer<\/td><td class=''>Am Abend kam es zu einen Brand eines E-Auto in Arpke. Bei eintreffen der ersten Einsatzkr\u00e4fte  brannte das Fahrzeug in voller Ausdehnung. Ein \u00fcbergreifen der Flammen auf ein angrenzendes Haus konnte verhindert werden. Durch massiven einsetzen von Wasser konnte das Feuer gel\u00f6scht werden. <\/td><\/tr><tr class=''><td class=''>07.08.2024<\/td><td class=''>ABC-Einsatz<\/td><td class=''>Die CSA Tr\u00e4ger erneut nach Lehrte alarmiert, erneut  kam noch auf Anfahrt der Alarmabbruch!<\/td><\/tr><tr class=''><td class=''>05.08.2024<\/td><td class=''>ABC-Einsatz<\/td><td class=''>Die Regionsleitstelle alarmierten unsere CSA Tr\u00e4ger zu einem Gefahrguteinsatz nach Lehrte.<br \/>\nNoch auf Anfahrt kam der Alarmabbruch.<br \/>\n<\/td><\/tr><tr class=''><td class=''>23.07.2024<\/td><td class=''>Technische Hilfeleistung<\/td><td class=''>W\u00e4hrend unseres Dienstes kam das vorhergesagte Unwetter \u00fcber Sievershausen runter, sodass wir um 20 Uhr zum ersten &#8222;Wasser im Keller&#8220; alarmiert wurden.<br \/>\nBis Mitternacht arbeiteten wir mit 3 Fahrzeugen und 27 Kameradinnen und Kameraden mehrere Einsatzstellen ab.<\/td><\/tr><tr class=''><td class=''>23.07.2024<\/td><td class=''>Wasserrettung<\/td><td class=''>Um 6:58 Uhr, wurde die Tauchergruppe Lehrte zu einem Einsatz an das Steinhudermeer alarmiert.<br \/>\n Noch auf Anfahrt kam der Alarmabbruch.<\/td><\/tr><tr class=''><td class=''>19.07.2024<\/td><td class=''>Wasserrettung<\/td><td class=''>Die Tauchergruppe Lehrte um 15:19 Uhr zum Wietzesee nach Isernhagen alarmiert. Dort war eine Person seit l\u00e4ngerer Zeit nicht mehr aus dem Wasser aufgetaucht.<br \/>\nNoch auf Anfahrt kam der Abbruch, da die Person gefunden wurde und unsere Hilfe nicht mehr erforderlich war.<br \/>\nVon uns waren 1 Taucher und 1 Bootsf\u00fchrer dabei.<\/td><\/tr><tr class=''><td class=''>27.06.2024<\/td><td class=''>Technische Hilfeleistung<\/td><td class=''>In einen Keller stand nach dem starken Regen 10cm Wasser. Es wurden Wassersauger eingesetzt  und das Wasser abgesaugt und auf eine Wiese abgeleitet. Nach ca.2 Stunden konnten wir die Einsatzstelle wieder verlassen.<\/td><\/tr><tr class=''><td class=''>27.06.2024<\/td><td class=''>Technische Hilfeleistung<\/td><td class=''>Eine Hauptstra\u00dfe stand unter Wasser. Wir sperrten die Stra\u00dfe ab und \u00f6ffneten die Gullideckel. Nach ca. 1 Sunde war die Stra\u00dfe wieder befahrbar und wir r\u00fcckten von der Einsatzstelle ab.<\/td><\/tr><tr class=''><td class=''>27.06.2024 <\/td><td class=''>Technische Hilfeleistung<\/td><td class=''>In ein Lagerhaus im Gewerbegebiet ist nach ein starken Gewitter Wasser eingedrungen. Nach Erkundung der Lage stellte sich her raus das die Wassermenge zu gering waren um mit unseren Mittel das Wasser ab zu pumpen.<\/td><\/tr><tr class=''><td class=''>27.06.2024<\/td><td class=''>Feuer<\/td><td class=''>Es wurde gemeldet das ein LKW-Auflieger auf der A2 brennt: Als die ersten Kr\u00e4fte Vorort ankamen und erkundet wurde, konnte schnell Entwarnung geben werden. Beim Auflieger war ein Reifen geplatzt und dadurch entstand der Qualm. Wir konnten ohne t\u00e4tig zu werden wieder einr\u00fccken.<\/td><\/tr><tr class=''><td class=''>19.06.2024<\/td><td class=''>Technische Hilfeleistung<\/td><td class=''>Am fr\u00fchen Mittwoch Nachmittag wurden wir zu einer Person in Notlage alarmiert.<br \/>\nVor Ort \u00f6ffneten wir die T\u00fcr gewaltfrei und fanden einen leere Wohnung vor.<br \/>\nEine \u00e4ltere Person ist versehentlich auf den Hausnotrufknopf gekommen und wir fanden ihn wohlauf bei seinem Nachbarn!<br \/>\nNach kurzer Zeit r\u00fcckten wir wieder ein.<\/td><\/tr><tr class=''><td class=''>10.06.2024<\/td><td class=''>Technische Hilfeleistung<\/td><td class=''>Unsere Ortsbrandmeister wurden von der Polizei zu einer Lageerkundung ins Gewerbegebiet von Sievershausen angefordert.<br \/>\nVor Ort stand ein K\u00fchlanh\u00e4nger, welcher mit einem Schloss gesichert war.<br \/>\nUm dieses Schloss zu knacken, wurde dann die Ortsfeuerwehr mit dem LF 10 zu einer kleinen technischen Hilfeleistung nachgefordert.<\/td><\/tr><tr class=''><td class=''>10.05.2024<\/td><td class=''>Technische Hilfeleistung<\/td><td class=''>Wir wurden zu einer eingeklemmten Person in einem Unternehmen im Gewerbegebiet von Sievershausen alarmiert.<br \/>\nVor Ort stellte sich heraus, dass die Person nicht mehr eingeklemmt, jedoch verletzt war.<\/td><\/tr><tr class=''><td class=''>02.05.2024<\/td><td class=''>Wasserrettung<\/td><td class=''>Die Tauchergruppe Lehrte zu einem Einsatz an den Eixer See, dort drohten Kinder zu ertrinken.<br \/>\nNoch auf Anfahrt kam der Alarmabbruch &#8211; die Kinder waren gerettet und in Sicherheit!<\/td><\/tr><tr class=''><td class=''>28.04.2024<\/td><td class=''>Feuer<\/td><td class=''>Auch wir waren in der Nacht zum 28.04.2024 beim Gro\u00dfbrand in Immensen im Einsatz!<br \/>\nInfos bekommt ihr beim Altkreisblitz!<br \/>\nhttps:\/\/www.altkreisblitz.de\/aktuelles\/datum\/2024\/04\/28\/feuer-neben-seniorenresidenz-108-brandbekaempfer-verhindern-ausbreitung-auf-nachbargebaeude\/?fbclid=IwZXh0bgNhZW0CMTEAAR1hf3ZQrDc3bDsC6JAUsKRDwnJx7wq7grBocO5mvnroFP3ntSljH78kEc8_aem_AfjdHelHkRjSheVvOLBrL-IoEczPD-Fzwc3p1GEfbC1FEu1p1oz98eA-C7dVEnvD6PsX6UVv7QyoFFiqITzsKFE_<\/td><\/tr><tr class=''><td class=''>11.03.2024<\/td><td class=''>Wasserrettung<\/td><td class=''>Die Tauchergruppe Lehrte wurde zu einem Einsatz nach Sehnde alarmiert.<br \/>\nNoch auf Anfahrt kam der Alarmabbruch.<\/td><\/tr><tr class=''><td class=''>27.02.2024<\/td><td class=''>Technische Hilfeleistung<\/td><td class=''>Wir zu einer Person in Notlage alarmiert.<br \/>\nWir verschafften dem Rettungsdienst Zutritt zur Wohnung und leisteten Tragehilfe.<br \/>\nAnschlie\u00dfend verschlossen wir die T\u00fcr und r\u00fcckten wieder ein<\/td><\/tr><tr class=''><td class=''>24.02.2024<\/td><td class=''>Wasserrettung<\/td><td class=''>Die Tauchergruppe Lehrte wurde zu einem gekenterten Kanufahrer nach Seelze alarmiert.<br \/>\nVor Ort angekommen wurde die  Person bereits von den Kameraden vor Ort gerettet, somit wurden wir nicht t\u00e4tig.<\/td><\/tr><tr class=''><td class=''>22.01.2024<\/td><td class=''>Feuer<\/td><td class=''>Um 14;25 Uhr wurden wir zu einem vermuteten Schornsteinbrand alarmiert.<br \/>\nVor Ort best\u00e4tigte sich die Lage.<br \/>\nVon der Drehleiter der Feuerwehr H\u00e4melerwald aus, wurde der Schornstein gekehrt und von uns ausger\u00e4umt. Anschlie\u00dfend haben wir die Einsatzstelle &#8211; nach R\u00fccksprache mit dem sp\u00e4ter eingetroffenen Bezirksschornsteinfeger &#8211; an die Eigent\u00fcmer \u00fcbergeben.<br \/>\nMit uns im Einsatz die Feuerwehr H\u00e4melerwald, die Feuerwehr Arpke und die TAS, die Polizei und der Rettungsdienst!<\/td><\/tr><tr class=''><td class=''>22.01.2024<\/td><td class=''>Wasserrettung<\/td><td class=''>Um 8;43 wurde die Tauchergruppe alarmiert, noch auf Anfahrt kam der Alarmabbruch.<br \/>\n<\/td><\/tr><tr class=''><td class=''>09.01.2024<\/td><td class=''>Technische Hilfeleistung<\/td><td class=''>Um 14;39 Uhr wurden wir zu einem Gasaustritt alarmiert.<br \/>\nNach einer sehr kurzen Anfahrt &#8211; direkt neben unserem Feuerwehrhaus &#8211; konnten wir h\u00f6ren, wie das Gas austrat.<br \/>\nWir stellten den Brandschutz sicher und evakuierten die anliegenden Wohnh\u00e4user sowie den Kindergarten!<\/td><\/tr><tr class=''><td class=''>09.01.2024<\/td><td class=''>Feuer<\/td><td class=''>Am Vormittag wurden wir zu einer Lageerkundung ins Gewerbegebiet alarmiert. Vor Ort gab es keinen Einsatz f\u00fcr uns.<br \/>\n<\/td><\/tr><tr class=''><td class=''>31.01.2024<\/td><td class=''>Technische Hilfeleistung<\/td><td class=''>Einsatz am 31.01.2024<br \/>\nUm 09;16 Uhr alarmierte uns die Leitstelle zu einer hilflosen Person hinter einer T\u00fcr.<br \/>\nWir verschaffen dem Rettungsdienst und der Polizei gewaltfreien Zugang in die Wohnung.<\/td><\/tr><tr class=''><td class=''>24.01.2024<\/td><td class=''>Feuer<\/td><td class=''>Wir wurden zu einer ausgel\u00f6sten Brandmeldeanlage im Gewerbegebiet von Sievershausen alarmiert.<br \/>\nVor Ort stellte sich heraus das eine Staubwolke den Melder ausgel\u00f6st hatte.<br \/>\nWir setzten die Anlage zur\u00fcck und r\u00fcckten wieder ein.<\/td><\/tr><tr class=''><td class=''>20.01.2024<\/td><td class=''>Technische Hilfeleistung<\/td><td class=''>Wir wurden zu einem vermuteten Gasgeruch in einem Keller alarmiert.<br \/>\nVor Ort ging ein Trupp unter Atemschutz mit dem CO Warner in das Geb\u00e4ude vor.<br \/>\nDa das Ger\u00e4t nicht anschlug, wurde nach weiterer Erkundung lediglich eine \u00d6l Heizung und kein Gasanschluss gefunden.<br \/>\nWir \u00fcbergaben die Einsatzstelle an die Polizei und die Anwohner und r\u00fcckten wieder ein.<\/td><\/tr><tr class=''><td class=''>07.01.2024<\/td><td class=''>Feuer<\/td><td class=''>Die Leitstelle alarmierte uns zu einem gemeldeten Schornsteinbrand.<br \/>\nDer Anwohner sagte der Leitstelle, er habe selber schon mit Wasser gel\u00f6scht &#8211; ist nicht mehr so schlimm.<br \/>\nAnmerkung unsererseits: NIEMALS einen Schornsteinbrand mit Wasser l\u00f6schen, denn aus 1l Wasser werden schlagartig ca 1700l Wasserdampf und das macht es nur schlimmer, kann sogar bis zur Explosion f\u00fchren!<br \/>\nEs wurden alle Etagen mittels WBK kontrolliert. Im Haus war es stark verraucht, dank des Druckbel\u00fcfters und \u00f6ffnen der Fenster zog der Rauch schnell ab. Der Bezirksschornsteinferger wurde alarmiert, sowie die Drehleiter und  das Kehrbesteck der Feuerwehr H\u00e4melerwald. Es wurde von der Drehleiter aus gekehrt. Im Haus waren immer 2 Trupps unter Atemschutz, um das Brandgut mit Schuttmulden raus zu tragen.<br \/>\nAm Ende des Einsatzes waren 4 Trupps im Einsatz. Deshalb wurde auch der AB Hygiene nachalarmiert um die kontaminierten Sachen zu tauschen und die Fahrzeuge wieder aufzur\u00fcsten.<\/td><\/tr><tr class=''><td class=''>03.01.2024<\/td><td class=''>ABC-Einsatz<\/td><td class=''>Wir wurden zu einer Erkundung alarmiert, da Anwohner starken Heiz\u00f6l geruch auf dem Grundst\u00fcck eines leerstehenden Einfamilienhaus wahrgenommen haben.<br \/>\nAuf diesem Grundst\u00fcck stand das Wasser vom Feld bis an die Hauswand ca 30cm hoch. Das Wasser auf einer Geb\u00e4udeseite war rotbraun gef\u00e4rbt und roch stark nach Heiz\u00f6l. Da ungewiss war, wieviel \u00d6l sich in den vermeintlich befindlichen \u00d6ltanks im Keller noch befindet,wurde vorsorglich der ABC Zugf\u00fchrer zur Beratung hinzugezogen. Beim \u00d6ffnen der Haust\u00fcr des Wohnhaus kam dem Trupp eine massiv nach Heiz\u00f6l riechende Wolke entgegen, welches das betreten des Geb\u00e4udes ohne Atemschutzger\u00e4t unm\u00f6glich machte.<br \/>\nUnter Atemschutz ging der Trupp zur weiteren Erkundung in das Geb\u00e4ude und \u00f6ffnete alle Fenster. Sie stellten fest, dass es eine massive W\u00e4rmeentwicklung in dem Haus gab. Diese kam von Nachtspeicher\u00f6fen. Somit war f\u00fcr uns klar das Geb\u00e4ude ist noch mit Strom versorgt und muss durch die Stadtwerke vom Netz genommen werden. Bei der weiteren Erkundung und Suchen des Sicherungskasten wurde die Kellert\u00fcr ge\u00f6ffnet. Das Wasser stand bis zur Kellerdecke. Im Haus waren keine weiteren Ma\u00dfnahmen m\u00f6glich. Der Trupp verlie\u00df das Geb\u00e4ude. Wir setzen \u00f6lsperren rund um das Haus, damit sich das kontaminierte Wasser nicht weiter ausbreiten kann und informierten eine Fachfirma, die das Wasser absaugen.<br \/>\nMit uns im Einsatz: Die Feuerwehr H\u00e4melerwald mit \u00d6l Anh\u00e4nger, untere Wasserbeh\u00f6rde, Polizei und die Stadtentw\u00e4sserung sowie der Energieversorger.<\/td><\/tr><\/tbody><\/table><\/div>\n","protected":false},"excerpt":{"rendered":"","protected":false},"author":1,"featured_media":0,"parent":0,"menu_order":0,"comment_status":"closed","ping_status":"closed","template":"","meta":[],"_links":{"self":[{"href":"https:\/\/www.feuerwehr-sievershausen.de\/index.php?rest_route=\/wp\/v2\/pages\/1188"}],"collection":[{"href":"https:\/\/www.feuerwehr-sievershausen.de\/index.php?rest_route=\/wp\/v2\/pages"}],"about":[{"href":"https:\/\/www.feuerwehr-sievershausen.de\/index.php?rest_route=\/wp\/v2\/types\/page"}],"author":[{"embeddable":true,"href":"https:\/\/www.feuerwehr-sievershausen.de\/index.php?rest_route=\/wp\/v2\/users\/1"}],"replies":[{"embeddable":true,"href":"https:\/\/www.feuerwehr-sievershausen.de\/index.php?rest_route=%2Fwp%2Fv2%2Fcomments&post=1188"}],"version-history":[{"count":2,"href":"https:\/\/www.feuerwehr-sievershausen.de\/index.php?rest_route=\/wp\/v2\/pages\/1188\/revisions"}],"predecessor-version":[{"id":1192,"href":"https:\/\/www.feuerwehr-sievershausen.de\/index.php?rest_route=\/wp\/v2\/pages\/1188\/revisions\/1192"}],"wp:attachment":[{"href":"https:\/\/www.feuerwehr-sievershausen.de\/index.php?rest_route=%2Fwp%2Fv2%2Fmedia&parent=1188"}],"curies":[{"name":"wp","href":"https:\/\/api.w.org\/{rel}","templated":true}]}}