{"id":117,"date":"2021-10-12T14:52:47","date_gmt":"2021-10-12T12:52:47","guid":{"rendered":"https:\/\/www.feuerwehr-sievershausen.de\/?page_id=117"},"modified":"2025-11-18T17:27:21","modified_gmt":"2025-11-18T16:27:21","slug":"kinderfeuerwehr","status":"publish","type":"page","link":"https:\/\/www.feuerwehr-sievershausen.de\/?page_id=117","title":{"rendered":"Kinderfeuerwehr"},"content":{"rendered":"<div id='fullscreen_slider_1'  class='avia-fullscreen-slider main_color   avia-builder-el-0  el_before_av_textblock  avia-builder-el-first   container_wrap fullsize'  ><div   data-size='no scaling'  data-lightbox_size='large'  data-animation='slide'  data-conditional_play=''  data-ids='286'  data-video_counter='0'  data-autoplay='false'  data-bg_slider='true'  data-slide_height='100'  data-handle='av_fullscreen'  data-interval='5'  data-class=' '  data-el_id=''  data-css_id='fullscreen_slider_1'  data-scroll_down=''  data-control_layout='av-control-hidden'  data-custom_markup=''  data-perma_caption=''  data-autoplay_stopper=''  data-image_attachment=''  data-min_height='0px'  data-lazy_loading='disabled'  data-stretch=''  data-img_scrset=''  class='avia-slideshow avia-slideshow-1  av-control-hidden av-default-height-applied avia-slideshow-no scaling av_fullscreen   avia-slide-slider '  itemprop=\"image\" itemscope=\"itemscope\" itemtype=\"https:\/\/schema.org\/ImageObject\" ><ul class='avia-slideshow-inner ' style='padding-bottom: 28.645833333333%;' ><li style='background-position:center center;' data-img-url='https:\/\/www.feuerwehr-sievershausen.de\/wp-content\/uploads\/2021\/11\/Header-FW-2.jpg' class=' av-single-slide slide-1 ' ><div data-rel='slideshow-1' class='avia-slide-wrap '   ><\/div><\/li><\/ul><\/div><\/div><div id='after_full_slider_1'  class='main_color av_default_container_wrap container_wrap fullsize'  ><div class='container av-section-cont-open' ><div class='template-page content  av-content-full alpha units'><div class='post-entry post-entry-type-page post-entry-117'><div class='entry-content-wrapper clearfix'>\n<section class=\"av_textblock_section \"  itemscope=\"itemscope\" itemtype=\"https:\/\/schema.org\/CreativeWork\" ><div class='avia_textblock  '   itemprop=\"text\" ><h1>Die Feuerf\u00fcchse Sievershausen<\/h1>\n<\/div><\/section>\n<section class=\"av_textblock_section \"  itemscope=\"itemscope\" itemtype=\"https:\/\/schema.org\/CreativeWork\" ><div class='avia_textblock  '   itemprop=\"text\" ><p>Wir, die Feuerf\u00fcchse Sievershausen wurden am 06. August 2011 gegr\u00fcndet und sind seitdem stetig gewachsen.<\/p>\n<p>Zurzeit nehmen durchschnittlich 20 M\u00e4dchen und Jungen im Alter von 6 bis 10 Jahren am Kinderfeuerwehr-Dienst teil.<\/p>\n<p>Zweiw\u00f6chentlich werden lehrreiche, spannende und altersgerechte Dienste rund um die Feuerwehr durchgef\u00fchrt. Weitere Dienstinhalte sind: Basteln, Spiele und kleine Experimente.<br \/>\nZiel ist es, die Kinder spielerisch an die Aufgaben in der Feuerwehr heranzuf\u00fchren und auf die sp\u00e4tere Jugendfeuerwehr vorzubereiten.<br \/>\nAuch soziales Engagement und die F\u00f6rderung einer Gemeinschaft sind wichtige Dinge, die das Betreuer-Team den Kindern vermittelt.<\/p>\n<p>Neben den regelm\u00e4\u00dfigen Diensten finden au\u00dferdem Sonderdienste statt, wie z.B. Ausfl\u00fcge in den Zoo oder zur Flughafenfeuerwehr, Vorf\u00fchrungen bei Maibaumaufstellen oder die Teilnahme an Vereinsumz\u00fcgen im Rahmen von Dorffesten in Sievershausen.<br \/>\nAu\u00dferdem nehmen wir an Aktivit\u00e4ten innerhalb der Stadtkinderfeuerwehren teil, z.B. die j\u00e4hrlichen Spiele ohne Grenzen.<\/p>\n<p>Die Feuerf\u00fcchse treffen sich alle 14 Tage montags von 17 \u2013 18.30 Uhr am Feuerwehrhaus Sievershausen.<\/p>\n<p>Wir Feuerf\u00fcchse freuen uns immer \u00fcber neue Kameradinnen und Kameraden.<br \/>\nFalls wir dein Interesse geweckt haben, schaut gern bei uns vorbei.<\/p>\n<\/div><\/section>\n<div class='flex_column av-1ryk5-b8659234cbd84c9ad7459186f5c71711 av_one_half  avia-builder-el-3  el_after_av_textblock  el_before_av_one_half  first flex_column_div column-top-margin'   ><p><section  class='avia-team-member   avia-builder-el-4  el_before_av_team_member  avia-builder-el-first '  itemscope=\"itemscope\" itemtype=\"https:\/\/schema.org\/Person\" ><div class='team-img-container'><img width=\"200\" height=\"200\" class='wp-image-356 avia-img-lazy-loading-not-356 avia_image avia_image_team av-team-img-original' src=\"https:\/\/www.feuerwehr-sievershausen.de\/wp-content\/uploads\/2021\/11\/Janine.jpg\" alt='Janine Czurgelies'  itemprop=\"image\" srcset=\"https:\/\/www.feuerwehr-sievershausen.de\/wp-content\/uploads\/2021\/11\/Janine.jpg 200w, https:\/\/www.feuerwehr-sievershausen.de\/wp-content\/uploads\/2021\/11\/Janine-80x80.jpg 80w, https:\/\/www.feuerwehr-sievershausen.de\/wp-content\/uploads\/2021\/11\/Janine-36x36.jpg 36w, https:\/\/www.feuerwehr-sievershausen.de\/wp-content\/uploads\/2021\/11\/Janine-180x180.jpg 180w\" sizes=\"(max-width: 200px) 100vw, 200px\" \/><\/div><h3 class='team-member-name'    itemprop=\"name\" >Janine Czurgelies<\/h3><div class='team-member-job-title '   itemprop=\"jobTitle\" >Kinderfeuerwehrwartin<\/div><span class='hidden team-member-affiliation'  itemprop=\"affiliation\" >\u00a0Freiwillige Feuerwehr Sievershausen<\/span><\/section><br \/>\n<section  class='avia-team-member   avia-builder-el-5  el_after_av_team_member  el_before_av_team_member '  itemscope=\"itemscope\" itemtype=\"https:\/\/schema.org\/Person\" ><div class='team-img-container'><img width=\"204\" height=\"200\" class='wp-image-991 avia-img-lazy-loading-not-991 avia_image avia_image_team av-team-img-original' src=\"https:\/\/www.feuerwehr-sievershausen.de\/wp-content\/uploads\/2024\/06\/200_200_Lina.jpg\" alt='Lina Brandes'  itemprop=\"image\" srcset=\"https:\/\/www.feuerwehr-sievershausen.de\/wp-content\/uploads\/2024\/06\/200_200_Lina.jpg 204w, https:\/\/www.feuerwehr-sievershausen.de\/wp-content\/uploads\/2024\/06\/200_200_Lina-36x36.jpg 36w\" sizes=\"(max-width: 204px) 100vw, 204px\" \/><\/div><h3 class='team-member-name'    itemprop=\"name\" >Lina Brandes<\/h3><div class='team-member-job-title '   itemprop=\"jobTitle\" >Betreuerin<\/div><span class='hidden team-member-affiliation'  itemprop=\"affiliation\" >\u00a0Freiwillige Feuerwehr Sievershausen<\/span><\/section><br \/>\n<section  class='avia-team-member   avia-builder-el-6  el_after_av_team_member  el_before_av_team_member '  itemscope=\"itemscope\" itemtype=\"https:\/\/schema.org\/Person\" ><div class='team-img-container'><img width=\"185\" height=\"200\" class='wp-image-992 avia-img-lazy-loading-not-992 avia_image avia_image_team av-team-img-original' src=\"https:\/\/www.feuerwehr-sievershausen.de\/wp-content\/uploads\/2024\/06\/200_200_Marten.jpg\" alt='Marten Gebhardt'  itemprop=\"image\"  \/><\/div><h3 class='team-member-name'    itemprop=\"name\" >Marten Gebhardt<\/h3><div class='team-member-job-title '   itemprop=\"jobTitle\" >Betreuer<\/div><span class='hidden team-member-affiliation'  itemprop=\"affiliation\" >\u00a0Freiwillige Feuerwehr Sievershausen<\/span><\/section><br \/>\n<section  class='avia-team-member   avia-builder-el-7  el_after_av_team_member  avia-builder-el-last '  itemscope=\"itemscope\" itemtype=\"https:\/\/schema.org\/Person\" ><div class='team-img-container'><img width=\"200\" height=\"200\" class='wp-image-280 avia-img-lazy-loading-not-280 avia_image avia_image_team av-team-img-original' src=\"https:\/\/www.feuerwehr-sievershausen.de\/wp-content\/uploads\/2021\/11\/platzhalter-test-3.png\" alt='Nils Kittelmann'  itemprop=\"image\" srcset=\"https:\/\/www.feuerwehr-sievershausen.de\/wp-content\/uploads\/2021\/11\/platzhalter-test-3.png 200w, https:\/\/www.feuerwehr-sievershausen.de\/wp-content\/uploads\/2021\/11\/platzhalter-test-3-80x80.png 80w, https:\/\/www.feuerwehr-sievershausen.de\/wp-content\/uploads\/2021\/11\/platzhalter-test-3-36x36.png 36w, https:\/\/www.feuerwehr-sievershausen.de\/wp-content\/uploads\/2021\/11\/platzhalter-test-3-180x180.png 180w\" sizes=\"(max-width: 200px) 100vw, 200px\" \/><\/div><h3 class='team-member-name'    itemprop=\"name\" >Nils Kittelmann<\/h3><div class='team-member-job-title '   itemprop=\"jobTitle\" >Betreuer<\/div><span class='hidden team-member-affiliation'  itemprop=\"affiliation\" >\u00a0Freiwillige Feuerwehr Sievershausen<\/span><\/section><\/p><\/div>\n<div class='flex_column av-ah4h9-14bf59fbaf6ae10a04439d7fde9080c1 av_one_half  avia-builder-el-8  el_after_av_one_half  avia-builder-el-last  flex_column_div column-top-margin'   ><p><section  class='avia-team-member   avia-builder-el-9  el_before_av_team_member  avia-builder-el-first '  itemscope=\"itemscope\" itemtype=\"https:\/\/schema.org\/Person\" ><div class='team-img-container'><img width=\"178\" height=\"200\" class='wp-image-998 avia-img-lazy-loading-not-998 avia_image avia_image_team av-team-img-original' src=\"https:\/\/www.feuerwehr-sievershausen.de\/wp-content\/uploads\/2024\/06\/200_200_Katha-1.jpg\" alt='Katharina Benk'  itemprop=\"image\"  \/><\/div><h3 class='team-member-name'    itemprop=\"name\" >Katharina Benk<\/h3><div class='team-member-job-title '   itemprop=\"jobTitle\" >Stellv. Kinderfeuerwehrwartin<\/div><span class='hidden team-member-affiliation'  itemprop=\"affiliation\" >\u00a0Freiwillige Feuerwehr Sievershausen<\/span><\/section><br \/>\n<section  class='avia-team-member   avia-builder-el-10  el_after_av_team_member  el_before_av_team_member '  itemscope=\"itemscope\" itemtype=\"https:\/\/schema.org\/Person\" ><div class='team-img-container'><img width=\"200\" height=\"200\" class='wp-image-280 avia-img-lazy-loading-not-280 avia_image avia_image_team av-team-img-original' src=\"https:\/\/www.feuerwehr-sievershausen.de\/wp-content\/uploads\/2021\/11\/platzhalter-test-3.png\" alt='Jannis Wachsmann'  itemprop=\"image\" srcset=\"https:\/\/www.feuerwehr-sievershausen.de\/wp-content\/uploads\/2021\/11\/platzhalter-test-3.png 200w, https:\/\/www.feuerwehr-sievershausen.de\/wp-content\/uploads\/2021\/11\/platzhalter-test-3-80x80.png 80w, https:\/\/www.feuerwehr-sievershausen.de\/wp-content\/uploads\/2021\/11\/platzhalter-test-3-36x36.png 36w, https:\/\/www.feuerwehr-sievershausen.de\/wp-content\/uploads\/2021\/11\/platzhalter-test-3-180x180.png 180w\" sizes=\"(max-width: 200px) 100vw, 200px\" \/><\/div><h3 class='team-member-name'    itemprop=\"name\" >Jannis Wachsmann<\/h3><div class='team-member-job-title '   itemprop=\"jobTitle\" >Betreuer<\/div><span class='hidden team-member-affiliation'  itemprop=\"affiliation\" >\u00a0Freiwillige Feuerwehr Sievershausen<\/span><\/section><br \/>\n<section  class='avia-team-member   avia-builder-el-11  el_after_av_team_member  el_before_av_team_member '  itemscope=\"itemscope\" itemtype=\"https:\/\/schema.org\/Person\" ><div class='team-img-container'><img width=\"200\" height=\"200\" class='wp-image-280 avia-img-lazy-loading-not-280 avia_image avia_image_team av-team-img-original' src=\"https:\/\/www.feuerwehr-sievershausen.de\/wp-content\/uploads\/2021\/11\/platzhalter-test-3.png\" alt='Justin Klamt'  itemprop=\"image\" srcset=\"https:\/\/www.feuerwehr-sievershausen.de\/wp-content\/uploads\/2021\/11\/platzhalter-test-3.png 200w, https:\/\/www.feuerwehr-sievershausen.de\/wp-content\/uploads\/2021\/11\/platzhalter-test-3-80x80.png 80w, https:\/\/www.feuerwehr-sievershausen.de\/wp-content\/uploads\/2021\/11\/platzhalter-test-3-36x36.png 36w, https:\/\/www.feuerwehr-sievershausen.de\/wp-content\/uploads\/2021\/11\/platzhalter-test-3-180x180.png 180w\" sizes=\"(max-width: 200px) 100vw, 200px\" \/><\/div><h3 class='team-member-name'    itemprop=\"name\" >Justin Klamt<\/h3><div class='team-member-job-title '   itemprop=\"jobTitle\" >Betreuer<\/div><span class='hidden team-member-affiliation'  itemprop=\"affiliation\" >\u00a0Freiwillige Feuerwehr Sievershausen<\/span><\/section><br \/>\n<section  class='avia-team-member   avia-builder-el-12  el_after_av_team_member  avia-builder-el-last '  itemscope=\"itemscope\" itemtype=\"https:\/\/schema.org\/Person\" ><div class='team-img-container'><img width=\"200\" height=\"200\" class='wp-image-280 avia-img-lazy-loading-not-280 avia_image avia_image_team av-team-img-original' src=\"https:\/\/www.feuerwehr-sievershausen.de\/wp-content\/uploads\/2021\/11\/platzhalter-test-3.png\" alt='Romy Schmidt'  itemprop=\"image\" srcset=\"https:\/\/www.feuerwehr-sievershausen.de\/wp-content\/uploads\/2021\/11\/platzhalter-test-3.png 200w, https:\/\/www.feuerwehr-sievershausen.de\/wp-content\/uploads\/2021\/11\/platzhalter-test-3-80x80.png 80w, https:\/\/www.feuerwehr-sievershausen.de\/wp-content\/uploads\/2021\/11\/platzhalter-test-3-36x36.png 36w, https:\/\/www.feuerwehr-sievershausen.de\/wp-content\/uploads\/2021\/11\/platzhalter-test-3-180x180.png 180w\" sizes=\"(max-width: 200px) 100vw, 200px\" \/><\/div><h3 class='team-member-name'    itemprop=\"name\" >Romy Schmidt<\/h3><div class='team-member-job-title '   itemprop=\"jobTitle\" >Betreuerin<\/div><span class='hidden team-member-affiliation'  itemprop=\"affiliation\" >\u00a0Freiwillige Feuerwehr Sievershausen<\/span><\/section><\/p><\/div>\n","protected":false},"excerpt":{"rendered":"","protected":false},"author":1,"featured_media":0,"parent":0,"menu_order":0,"comment_status":"closed","ping_status":"closed","template":"","meta":[],"_links":{"self":[{"href":"https:\/\/www.feuerwehr-sievershausen.de\/index.php?rest_route=\/wp\/v2\/pages\/117"}],"collection":[{"href":"https:\/\/www.feuerwehr-sievershausen.de\/index.php?rest_route=\/wp\/v2\/pages"}],"about":[{"href":"https:\/\/www.feuerwehr-sievershausen.de\/index.php?rest_route=\/wp\/v2\/types\/page"}],"author":[{"embeddable":true,"href":"https:\/\/www.feuerwehr-sievershausen.de\/index.php?rest_route=\/wp\/v2\/users\/1"}],"replies":[{"embeddable":true,"href":"https:\/\/www.feuerwehr-sievershausen.de\/index.php?rest_route=%2Fwp%2Fv2%2Fcomments&post=117"}],"version-history":[{"count":32,"href":"https:\/\/www.feuerwehr-sievershausen.de\/index.php?rest_route=\/wp\/v2\/pages\/117\/revisions"}],"predecessor-version":[{"id":1369,"href":"https:\/\/www.feuerwehr-sievershausen.de\/index.php?rest_route=\/wp\/v2\/pages\/117\/revisions\/1369"}],"wp:attachment":[{"href":"https:\/\/www.feuerwehr-sievershausen.de\/index.php?rest_route=%2Fwp%2Fv2%2Fmedia&parent=117"}],"curies":[{"name":"wp","href":"https:\/\/api.w.org\/{rel}","templated":true}]}}